{"id":38,"date":"2015-03-02T12:26:21","date_gmt":"2015-03-02T12:26:21","guid":{"rendered":"http:\/\/sites.cardiff.ac.uk\/fertilitystudies\/?page_id=38"},"modified":"2015-03-02T12:33:24","modified_gmt":"2015-03-02T12:33:24","slug":"conferences","status":"publish","type":"page","link":"http:\/\/sites.cardiff.ac.uk\/fertilitystudies\/research\/conferences\/","title":{"rendered":"Conferences"},"content":{"rendered":"<h4>Conferences &amp; Upcoming Lectures (2009-2010)<\/h4>\n<ul>\n<li>A DIY guide to assessing your own fertility.\u00a0 Fertility Show (in support of the patient advocacy group Infertility Ntework UK), London, November, 2009<\/li>\n<li>Why psychology is important in fertility medical care. Faculdade de Psicologia e de Ci\u00eancias da Educa\u00e7\u00e3o da Universidade de Coimbra, Portugal, November, 2009.<\/li>\n<li>Stress in male partners and outcome of fertility treatment. Plenary Session: Frontiers in Male Fertility. British Fertility Society, January, 2010<\/li>\n<li>Male infertility \u2013 Impact and implications of diagnosis. Psychosexual Aspects of Male Fertility. British Fertility Society, January, 2010<\/li>\n<li>Positive reappraisal in the cancer experience: Personal and professional reflections. Department of Psychosomatic Medicine, University of Basel, Basel, Switzerland, February, 2010.<\/li>\n<li>Fertility Summit: Innovations in Patient-Focused Therapy.\u00a0 Barcelona International Convention Centre, Barcelona, March 2010.<\/li>\n<li>Infertility-related stress in men and women and its impact on treatment. Joint annual meeting of the Special Task Forces on Mild Approaches in Assisted Reproduction and on Developing Countries and Infertility. European Society for Human Reproduction and Embryology, Rome, July, 2010.<\/li>\n<li>Behavioral Medicine and Infertility American Society for Reproductive Medicine, Invited Faculty<\/li>\n<li>Optimising success rates in fertility treatment by optimizing patient care.\u00a0 Australian Fertility Society, October, 2010, Adelaide, Australia<\/li>\n<li>The Psychology of infertility \u2013 central issues relevant in different phases of the infertility experience. ESHRE Campus Course, Amsterdam, The Netherlands, December, 2010<\/li>\n<\/ul>\n","protected":false},"excerpt":{"rendered":"<p>Conferences &amp; Upcoming Lectures (2009-2010) A DIY guide to assessing your own fertility.\u00a0 Fertility Show (in support of the patient advocacy group Infertility Ntework UK), London, November, 2009 Why psychology is important in fertility medical care. Faculdade de Psicologia e de Ci\u00eancias da Educa\u00e7\u00e3o da Universidade de Coimbra, Portugal, November, 2009. Stress in male partners<\/p>\n","protected":false},"author":1138,"featured_media":0,"parent":21,"menu_order":0,"comment_status":"closed","ping_status":"open","template":"","meta":{"jetpack_post_was_ever_published":false,"footnotes":""},"class_list":["post-38","page","type-page","status-publish","hentry"],"jetpack_sharing_enabled":true,"jetpack_shortlink":"https:\/\/wp.me\/P6Nn9h-C","jetpack-related-posts":[],"meta_box":[],"_links":{"self":[{"href":"http:\/\/sites.cardiff.ac.uk\/fertilitystudies\/wp-json\/wp\/v2\/pages\/38","targetHints":{"allow":["GET"]}}],"collection":[{"href":"http:\/\/sites.cardiff.ac.uk\/fertilitystudies\/wp-json\/wp\/v2\/pages"}],"about":[{"href":"http:\/\/sites.cardiff.ac.uk\/fertilitystudies\/wp-json\/wp\/v2\/types\/page"}],"author":[{"embeddable":true,"href":"http:\/\/sites.cardiff.ac.uk\/fertilitystudies\/wp-json\/wp\/v2\/users\/1138"}],"replies":[{"embeddable":true,"href":"http:\/\/sites.cardiff.ac.uk\/fertilitystudies\/wp-json\/wp\/v2\/comments?post=38"}],"version-history":[{"count":3,"href":"http:\/\/sites.cardiff.ac.uk\/fertilitystudies\/wp-json\/wp\/v2\/pages\/38\/revisions"}],"predecessor-version":[{"id":51,"href":"http:\/\/sites.cardiff.ac.uk\/fertilitystudies\/wp-json\/wp\/v2\/pages\/38\/revisions\/51"}],"up":[{"embeddable":true,"href":"http:\/\/sites.cardiff.ac.uk\/fertilitystudies\/wp-json\/wp\/v2\/pages\/21"}],"wp:attachment":[{"href":"http:\/\/sites.cardiff.ac.uk\/fertilitystudies\/wp-json\/wp\/v2\/media?parent=38"}],"curies":[{"name":"wp","href":"https:\/\/api.w.org\/{rel}","templated":true}]}}