{"id":2994,"date":"2017-04-25T12:46:31","date_gmt":"2017-04-25T12:46:31","guid":{"rendered":"http:\/\/sites.cardiff.ac.uk\/kille-morgan\/?page_id=2994"},"modified":"2021-01-27T15:59:19","modified_gmt":"2021-01-27T15:59:19","slug":"szabolcs-hernadi","status":"publish","type":"page","link":"http:\/\/sites.cardiff.ac.uk\/kille-morgan\/the-team\/szabolcs-hernadi\/","title":{"rendered":"Szabolcs Hernadi"},"content":{"rendered":"<figure class=\"image\"><img data-recalc-dims=\"1\" decoding=\"async\" src=\"https:\/\/i0.wp.com\/sites.cardiff.ac.uk\/kille-morgan\/files\/2017\/04\/hernadi.jpg\" alt=\"hernadi\" \/><\/figure>\n<p>Szabolcs started my scientific carrier in the city of P\u00e9cs, Hungary where he studied Biology. During his Bsc he developed a particular interest for earthworm (<em>E. fetida, E. andrei<\/em>) toxicology (seasonal structure changes in chloragogenous tissue). Thereafter, he started my Diploma\/Master thesis at the University of P\u00e9cs &#8211; Faculty of Sciences, Hungary in the lab of Dr. Moln\u00e1r L\u00e1szl\u00f3. There, he investigated the haemoglobin production of chloragogenous tissue. Therefore, during a semester\u2019s Erasmus+ programme, he participated in molecular biology research in Cardiff University (United Kingdom) where he was working on <em>E. Fetida<\/em> haemoglobin genes identification and the expression changes due to bacterial challenge.<\/p>\n<p>During his PhD Szabolcs focused on defining an evolutionary conserved NanoParticle associated Adverse Outcome Pathway (NP-AOP) for immune cell cytotoxicity. Nanoparticles (NPs) may obtain elicited entry into immune cell through hijacking the very\u00a0 endocytic system designed as a central component of the innate immune response (Kunzmann et al., 2011).<\/p>\n","protected":false},"excerpt":{"rendered":"<p>Szabolcs started my scientific carrier in the city of P\u00e9cs, Hungary where he studied Biology. During his Bsc he developed a particular interest for earthworm (E. fetida, E. andrei) toxicology (seasonal structure changes in chloragogenous tissue). Thereafter, he started my Diploma\/Master thesis at the University of P\u00e9cs &#8211; Faculty of Sciences, Hungary in the lab<\/p>\n","protected":false},"author":3551,"featured_media":0,"parent":64,"menu_order":8,"comment_status":"closed","ping_status":"closed","template":"","meta":{"jetpack_post_was_ever_published":false,"footnotes":""},"class_list":["post-2994","page","type-page","status-publish","hentry"],"jetpack_sharing_enabled":true,"jetpack_shortlink":"https:\/\/wp.me\/P6t6rP-Mi","meta_box":[],"_links":{"self":[{"href":"http:\/\/sites.cardiff.ac.uk\/kille-morgan\/wp-json\/wp\/v2\/pages\/2994","targetHints":{"allow":["GET"]}}],"collection":[{"href":"http:\/\/sites.cardiff.ac.uk\/kille-morgan\/wp-json\/wp\/v2\/pages"}],"about":[{"href":"http:\/\/sites.cardiff.ac.uk\/kille-morgan\/wp-json\/wp\/v2\/types\/page"}],"author":[{"embeddable":true,"href":"http:\/\/sites.cardiff.ac.uk\/kille-morgan\/wp-json\/wp\/v2\/users\/3551"}],"replies":[{"embeddable":true,"href":"http:\/\/sites.cardiff.ac.uk\/kille-morgan\/wp-json\/wp\/v2\/comments?post=2994"}],"version-history":[{"count":3,"href":"http:\/\/sites.cardiff.ac.uk\/kille-morgan\/wp-json\/wp\/v2\/pages\/2994\/revisions"}],"predecessor-version":[{"id":3495,"href":"http:\/\/sites.cardiff.ac.uk\/kille-morgan\/wp-json\/wp\/v2\/pages\/2994\/revisions\/3495"}],"up":[{"embeddable":true,"href":"http:\/\/sites.cardiff.ac.uk\/kille-morgan\/wp-json\/wp\/v2\/pages\/64"}],"wp:attachment":[{"href":"http:\/\/sites.cardiff.ac.uk\/kille-morgan\/wp-json\/wp\/v2\/media?parent=2994"}],"curies":[{"name":"wp","href":"https:\/\/api.w.org\/{rel}","templated":true}]}}