{"id":320,"date":"2012-02-09T12:45:06","date_gmt":"2012-02-09T12:45:06","guid":{"rendered":"http:\/\/bug.biosi.cf.ac.uk\/wp_test\/?page_id=320"},"modified":"2015-09-14T11:23:22","modified_gmt":"2015-09-14T11:23:22","slug":"marta-novo-publications","status":"publish","type":"page","link":"http:\/\/sites.cardiff.ac.uk\/kille-morgan\/the-team\/lab-alumni\/marta-novo\/marta-novo-publications\/","title":{"rendered":"Marta Novo &#8211; publications"},"content":{"rendered":"<p>&nbsp;<\/p>\n<ol>\n<li><strong> Geostatistical and multivariate analysis of the horizontal distribution of an earthworm community in El Molar (Madrid, Spain). <\/strong>Hern\u00e1ndez P, Fern\u00e1ndez R, <u>Novo M<\/u><u>,<\/u> Trigo D, Diaz Cos\u00edn DJ. Pedobiologia, 51:13-21 (2007)<\/li>\n<li><strong> Microsatellite markers for the drought-resistant earthworm <em>Hormogaster elisae<\/em><\/strong>. <u>Novo M<\/u><u>,<\/u> Velavan TP, Almod\u00f3var A, Schulenburg H, D\u00edaz Cos\u00edn DJ, Michiels NK. Mol Ecol Res 8: 901-903 (2008)<\/li>\n<li><strong> Is there food competition between <em>Hormogaster elisae<\/em> (Oligochaeta, Hormogastridae) and soil microarthropods at El Molar (Madrid)?<\/strong> Guti\u00e9rrez M, Jes\u00fas JB, Trigo D, <u>Novo M<\/u><u>,<\/u> D\u00edaz Cos\u00edn. DJ. Eur J Soil Biol 44: 207-212 (2008)<\/li>\n<li><strong> Algunos aspectos del ciclo biol\u00f3gico del endemismo ib\u00e9rico Hormogaster elilsae \u00c1lvarez, 1977 (Oligochaeta, Hormogastridae), en cultivos de laboratorio<\/strong>. D\u00edaz Cos\u00edn DJ, Hern\u00e1ndez P, Trigo D, Fern\u00e1ndez R, <u>Novo M<\/u>. Bolet\u00edn de la Real Sociedad Espa\u00f1ola de Historia Natural (Secci\u00f3n Biol\u00f3gica) 103: 49-57 (2009)<\/li>\n<li><strong> High genetic divergence of Hormogastridae earthworms (Annelida, Oligochaeta) in central Iberian Peninsula. Evolutionary and demographic implications<\/strong>. <u>Novo M<\/u>, Almod\u00f3var A, D\u00edaz Cos\u00edn DJ. Zool Scr 38: 537-552 (2009)<\/li>\n<li><strong> L<\/strong><strong>ife cycle and reproduction traits of the earthworm <em>Aporrectodea trapezoides<\/em> (Dug\u00e9s, 1828) in laboratory cultures<\/strong>. Fern\u00e1ndez R, <u>Novo M<\/u>, Guti\u00e9rrez M, Almod\u00f3var A, D\u00edaz Cos\u00edn DJ. Pedobiologia 53: 295-299 (2010)<\/li>\n<li><strong>Cryptic speciation of hormogastrid earthworms revealed by mitochondrial and nuclear data<\/strong>. <u>Novo M<\/u>, Almod\u00f3var A, Fern\u00e1ndez R, Trigo D, D\u00edaz Cos\u00edn DJ. Mol Phyl Evol 56: 507-512 (2010)<\/li>\n<li><strong>Mate choice of an endogeic earthworm revealed by microsatellite markers<\/strong>. <u>Novo M<\/u><u>, <\/u>Almod\u00f3var A, Fern\u00e1ndez R, Guti\u00e9rrez M, D\u00edaz Cos\u00edn DJ. Pedobiologia, 53: 375-379 (2010)<\/li>\n<li><strong>Relationships among spatial distribution of soil microarthropods, earthworm species and soil properties<\/strong>. Guti\u00e9rrez, M. Trigo D. Jes\u00fas JB, Fern\u00e1ndez R, <u>Novo M<\/u>, D\u00edaz Cos\u00edn DJ. Pedobiologia, 53: 381-389 (2010)<\/li>\n<li><strong> Understanding the biogeography of a group of earthworms in the Mediterranean basin- The phylogenetic puzzle of Hormogastridae (Clitellata: Oligochaeta). <\/strong><u>Novo M<\/u>, Almod\u00f3var A, Fern\u00e1ndez R, Giribet G, D\u00edaz Cos\u00edn DJ. Mol Phyl Evol 61: 125-135 (2011)<\/li>\n<li><strong> A vagrant clone in a peregrine species: Phylogeography, high clonal diversity and geographical distribution in the earthworm <em>Aporrectodea trapezoides<\/em> (Dug\u00e8s, 1828). <\/strong>Fern\u00e1ndez R, Almod\u00f3var A, <u>Novo M<\/u>, Guti\u00e9rrez M, D\u00edaz Cos\u00edn DJ. Soil Biol Biochem 43: 2085-2093 (2011)<\/li>\n<li><strong> A place for nourishment or a slaughterhouse? Elucidating the role of spermathecae in the terrestrial annelid <em>Hormogaster elisae<\/em> (Clitellata: Annelida). <\/strong><u>Novo M<\/u><u>,<\/u> Riesgo A, Rold\u00e1n C, Giribet G, D\u00edaz Cos\u00edn DJ. Zoomorphology: 131: 171-184 (2012)<\/li>\n<li><strong>Appearances can be deceptive: different diversification patterns within a group of Mediterranean earthworms (Oligochaeta: Hormogastridae). <\/strong><u>Novo M<\/u><u>,<\/u> Almod\u00f3var A, Fern\u00e1ndez R, Trigo D, D\u00edaz Cos\u00edn DJ, Giribet G. Mol Ecol 21, 3776\u20133793 (2012)<\/li>\n<li><strong>Adding complexity to the complex: New insights into the phylogeny, diversification and origin of parthenogenesis in the <em>Aporrectodea caliginosa <\/em>species complex (Oligochaeta, Lumbricidae).<\/strong> Fern\u00e1ndez R, Almod\u00f3var A, <u>Novo M<\/u>, Simancas B, D\u00edaz Cos\u00edn DJ. Mol Phyl Evol 64 368\u2013379 (2012)<\/li>\n<li><strong>Earthworms, good indicators for palaeogeographic studies? Testing the genetic structure and demographic history in the peregrine earthworm <em>Aporrectodea trapezoides <\/em>(Dug\u00e8s, 1828) in southern Europe. <\/strong>Fern\u00e1ndez R, Almod\u00f3var A, <u>Novo M, <\/u>Guti\u00e9rrez M, D\u00edaz Cos\u00edn DJ. Soil Biol Biochem 58:127-135 (2013)<\/li>\n<li><strong>Compilation of morphological and molecular data, a necessity for taxonomy: The case of <em>Hormogaster abbatissae<\/em> sp. n. (Annelida, Clitellata, Hormogastridae). <\/strong><u>Novo M<\/u>, F\u00e9rnandez R, Fern\u00e1ndez-March\u00e1n D, Guti\u00e9rrez M, D\u00edaz Cos\u00edn D. Zookeys 242: 1-16 (2012)<\/li>\n<li><strong> Comparative description of ten transcriptomes of newly sequenced invertebrates and efficiency estimation of genomic sampling in nonmodel taxa. <\/strong>Riesgo A, Andrade SCS, Sharma PP, <u>Novo M<\/u>, P\u00e9rez-Porro AR, Vahtera V, Gonz\u00e1lez VL, Kawauchi GY, Giribet G. Frontiers in Zool 9:33 (2012)<\/li>\n<li><strong> Does the order of copulation matter? Experimental paternity analyses in the earthworm <em>Hormogaster elisae<\/em> (Annelida: Hormogastridae). <\/strong><u>Novo M<\/u><u>,<\/u> Fern\u00e1ndez R, Granado-Yela C, Guti\u00e9rrez M, D\u00edaz Cos\u00edn DJ. Pedobiologia <a href=\"http:\/\/dx.doi.org\/10.1016\/j.pedobi.2013.01.002\">56:<\/a> 97-104 (2013)<\/li>\n<li><strong> Pheromone evolution, reproductive genes, and comparative transcriptomics in Mediterranean earthworms (Annelida, Oligochaeta, Hormogastridae). <\/strong><u>Novo M<\/u>, Riesgo A, Fernandez-Guerra A, Giribet G. Mol Biol Evol 30: 1614-1629 (2013)<\/li>\n<li><strong> Inferring the ancestral sexuality and reproductive condition in sponges (Porifera). <\/strong>Riesgo A, <u>Novo M<\/u>, Sharma P, Peterson P, Maldonado M, Giribet G. Zool Scr 43: 101-117 (2014)<\/li>\n<li><strong>Living on a volcano\u2019s edge: Genetic isolation of an extremophile terrestrial metazoan.<\/strong> Cunha L, Montiel R, <u>Novo M<\/u>, Orozco-Terwengel P, Rodrigues A, Morgan AJ, Kille P. Heredity, 112: 132-142 (2014)<\/li>\n<li><strong> A new earthworm species within a controversial genus: <em>Eiseniona gerardoi sp. n.<\/em> (Annelida, Lumbricidae) &#8211; description based on morphological and molecular data.<\/strong> D\u00edaz Cos\u00edn DJ, <u>Novo M<\/u>, Fern\u00e1ndez R, Fern\u00e1ndez March\u00e1n D, Guti\u00e9rrez M. Zookeys, 399:71-87 (2014)<\/li>\n<li><strong>Does the invasion of exotic tree <em>Ailanthus altissima<\/em> affect the soil arthropod community? The case of a riparian forest of Henares River (Madrid). <\/strong>Gutierrez M, Ranera E, <u>Novo M<\/u>, Fernandez R, Trigo D. European J Soil Biol 62: 39-48 (2014)<\/li>\n<li><strong> New light into the hormogastrid riddle: morphological and molecular description of <em>Hormogaster joseantonioi<\/em> sp n.<\/strong><strong> (Annelida:Clitellata: Hormogastridae)<\/strong><strong>.<\/strong> Fern\u00e1ndez March\u00e1n D, Fern\u00e1ndez R, <u>Novo M<\/u>, D\u00edaz Cos\u00edn DJ. Zookeys, 414: 1-17 (2014)<\/li>\n<li><strong>T<\/strong><strong>he functional ghost in the genome machine: Holistic mapping of environmentally induced changes in the epigenome of a soil sentinel.<\/strong> <u>Novo M<\/u>, Andre J, Cunha L, Morgan AJ, Spurgeon DJ, Kille, P<strong>. <\/strong>Tox Lett 229: S18 (2014)<\/li>\n<li><strong> Unearthing the historical biogeography of Mediterranean earthworms. <\/strong><u>Novo M<\/u>, Fern\u00e1ndez R., Fern\u00e1ndez March\u00e1n D, Trigo D, D\u00edaz Cos\u00edn DJ, Giribet G. J Biogeo, 42: 751-762 (2015)<\/li>\n<li><strong>Predicting soil micro-variables and the distribution of an endogeic earthworm species through a model based on large-scale variables.<\/strong> Fern\u00e1ndez-March\u00e1n D, Refoyo P, <u>Novo M<\/u>, Fern\u00e1ndez R, Trigo D, D\u00edaz Cos\u00edn DJ. Soil Biol Biochem, 81: 124-129 (2015)<\/li>\n<li><strong> Multiple introductions and environmental factors affecting the establishment of invasive species on a volcanic island. <\/strong><u>Novo M<\/u>, Cunha L, Maceda-Veiga A, Hodson ME, Spurgeon DJ, Bruford M, Morgan AJ, Kille P. Soil Biol Biochem 85: 89-100 (2015)<\/li>\n<li><strong>Articulating the \u201carchiannelids\u201d: A phylogenomic approach to annelid relationships with emphasis on meiofaunal taxa.<\/strong> Andrade S*, <u>Novo M*, <\/u>Kawauchi GY, Worsaae K, Pleijel F, Giribet G, Rouse G. Mole Biol Evol *These two authors contributed equally. doi:\u00a010.1093\/molbev\/msv157 (<em>in press<\/em>)<\/li>\n<li><strong>Different routes, same pathways: Molecular mechanisms under silver ion and nanoparticle exposures in the soil sentinel <em>Eisenia fetida.<\/em><\/strong> <u>Novo M<\/u>, Lahive E, D\u00edez Ortiz M, Matzke M, Morgan A, Spurgeon DJ, Svendsen C, Kille P. Env Poll 205: 385-393 (2015)<\/li>\n<li><strong> Diversification patterns in cosmopolitan earthworms: similar mode but different tempo<\/strong>. Fern\u00e1ndez R<u>, Novo M<\/u>, March\u00e1n DF, D\u00edaz Cos\u00edn, DJ. Mol Phyl Evol doi:10.1016\/j.ympev.2015.07.017 (<em>in press<\/em>)<\/li>\n<\/ol>\n","protected":false},"excerpt":{"rendered":"<p>&nbsp; Geostatistical and multivariate analysis of the horizontal distribution of an earthworm community in El Molar (Madrid, Spain). Hern\u00e1ndez P, Fern\u00e1ndez R, Novo M, Trigo D, Diaz Cos\u00edn DJ. Pedobiologia, 51:13-21 (2007) Microsatellite markers for the drought-resistant earthworm Hormogaster elisae. Novo M, Velavan TP, Almod\u00f3var A, Schulenburg H, D\u00edaz Cos\u00edn DJ, Michiels NK. Mol Ecol<\/p>\n","protected":false},"author":3462,"featured_media":0,"parent":238,"menu_order":0,"comment_status":"closed","ping_status":"open","template":"","meta":{"jetpack_post_was_ever_published":false,"footnotes":""},"class_list":["post-320","page","type-page","status-publish","hentry"],"jetpack_sharing_enabled":true,"jetpack_shortlink":"https:\/\/wp.me\/P6t6rP-5a","meta_box":[],"_links":{"self":[{"href":"http:\/\/sites.cardiff.ac.uk\/kille-morgan\/wp-json\/wp\/v2\/pages\/320","targetHints":{"allow":["GET"]}}],"collection":[{"href":"http:\/\/sites.cardiff.ac.uk\/kille-morgan\/wp-json\/wp\/v2\/pages"}],"about":[{"href":"http:\/\/sites.cardiff.ac.uk\/kille-morgan\/wp-json\/wp\/v2\/types\/page"}],"author":[{"embeddable":true,"href":"http:\/\/sites.cardiff.ac.uk\/kille-morgan\/wp-json\/wp\/v2\/users\/3462"}],"replies":[{"embeddable":true,"href":"http:\/\/sites.cardiff.ac.uk\/kille-morgan\/wp-json\/wp\/v2\/comments?post=320"}],"version-history":[{"count":4,"href":"http:\/\/sites.cardiff.ac.uk\/kille-morgan\/wp-json\/wp\/v2\/pages\/320\/revisions"}],"predecessor-version":[{"id":2771,"href":"http:\/\/sites.cardiff.ac.uk\/kille-morgan\/wp-json\/wp\/v2\/pages\/320\/revisions\/2771"}],"up":[{"embeddable":true,"href":"http:\/\/sites.cardiff.ac.uk\/kille-morgan\/wp-json\/wp\/v2\/pages\/238"}],"wp:attachment":[{"href":"http:\/\/sites.cardiff.ac.uk\/kille-morgan\/wp-json\/wp\/v2\/media?parent=320"}],"curies":[{"name":"wp","href":"https:\/\/api.w.org\/{rel}","templated":true}]}}