{"id":8340,"date":"2024-12-10T13:57:06","date_gmt":"2024-12-10T13:57:06","guid":{"rendered":"https:\/\/sites.cardiff.ac.uk\/education-development-toolkit\/?page_id=8340"},"modified":"2025-11-13T13:54:55","modified_gmt":"2025-11-13T13:54:55","slug":"cynllun-pontio","status":"publish","type":"page","link":"https:\/\/sites.cardiff.ac.uk\/education-development-toolkit\/cy\/trosolwg-or-themau\/cynwysoldeb\/meithrin-ymdeimlad-o-berthyn-i-bob-myfyriwr\/cynllun-pontio\/","title":{"rendered":"Cynllun Pontio"},"content":{"rendered":" \n\n                        <div class=\"alert alert alert-info with-icon \">        \n                            <div class=\"alert-icon\">\n                    <svg class=\"icon\" xmlns=\"http:\/\/www.w3.org\/2000\/svg\" xmlns:xlink=\"http:\/\/www.w3.org\/1999\/xlink\" viewBox=\"0 0 793 696\" shape-rendering=\"geometricPrecision\" text-rendering=\"geometricPrecision\"><defs><linearGradient id=\"etZNF97Wf1q3-fill\" x1=\"351.931\" y1=\"516.34\" x2=\"670.917\" y2=\"516.34\" spreadMethod=\"pad\" gradientUnits=\"userSpaceOnUse\" gradientTransform=\"translate(0 0)\"><stop id=\"etZNF97Wf1q3-fill-0\" offset=\"0%\" stop-color=\"#12d69e\"\/><stop id=\"etZNF97Wf1q3-fill-1\" offset=\"100%\" stop-color=\"#00a870\"\/><\/linearGradient><linearGradient id=\"etZNF97Wf1q4-fill\" x1=\"0\" y1=\"153.98\" x2=\"318.986\" y2=\"153.98\" spreadMethod=\"pad\" gradientUnits=\"userSpaceOnUse\" gradientTransform=\"translate(0 0)\"><stop id=\"etZNF97Wf1q4-fill-0\" offset=\"0%\" stop-color=\"#02beff\"\/><stop id=\"etZNF97Wf1q4-fill-1\" offset=\"100%\" stop-color=\"#009dc1\"\/><\/linearGradient><linearGradient id=\"etZNF97Wf1q5-fill\" x1=\"-0.199167\" y1=\"512.304\" x2=\"309.144\" y2=\"512.304\" spreadMethod=\"pad\" gradientUnits=\"userSpaceOnUse\" gradientTransform=\"translate(0 0)\"><stop id=\"etZNF97Wf1q5-fill-0\" offset=\"0%\" stop-color=\"#fecb4d\"\/><stop id=\"etZNF97Wf1q5-fill-1\" offset=\"100%\" stop-color=\"#f49d03\"\/><\/linearGradient><linearGradient id=\"etZNF97Wf1q6-fill\" x1=\"361.627\" y1=\"159.063\" x2=\"671.043\" y2=\"159.063\" spreadMethod=\"pad\" gradientUnits=\"userSpaceOnUse\" gradientTransform=\"translate(0 0)\"><stop id=\"etZNF97Wf1q6-fill-0\" offset=\"0%\" stop-color=\"#ff6969\"\/><stop id=\"etZNF97Wf1q6-fill-1\" offset=\"100%\" stop-color=\"#fc3838\"\/><\/linearGradient><\/defs><g transform=\"translate(-489-1740)\"><path d=\"M636.253,636.253c47.169-47.169,47.169-122.638,0-168.759L536.675,366.868c-4.193-4.193-8.386-5.241-13.627-5.241s-9.433,2.096-13.626,5.241c-8.386,7.337-7.338,20.963,0,28.301l53.458,53.458c2.096,2.096,3.144,7.337,1.048,9.433-3.145,3.145-7.338,3.145-10.482,1.048L469.59,375.253c-4.192-4.193-8.385-5.241-13.626-5.241s-9.434,2.096-13.627,5.241c-8.385,7.337-7.337,20.964,0,28.301l82.808,82.808c3.144,3.144,3.144,7.337,0,10.481-3.145,3.145-7.338,3.145-10.482,0L404.602,384.687c-4.192-4.193-8.385-5.241-13.626-5.241s-9.434,2.096-13.627,5.241c-7.337,7.337-7.337,19.915,0,27.253L488.458,523.048c2.096,2.097,3.144,7.338,1.048,9.434-3.144,3.145-7.337,3.145-10.482,1.048l-94.337-93.289c-4.193-4.193-8.386-5.241-13.627-5.241s-9.433,2.096-13.626,5.241c-7.338,7.337-7.338,19.916,0,27.253l121.59,121.59c7.338,7.338-1.048,20.964-10.482,16.771l-37.735-14.674c-5.241-2.097-10.482-2.097-14.674,0-4.193,2.096-8.386,5.241-10.482,10.482-4.193,10.482,1.048,20.964,10.482,25.156l91.192,35.639c44.024,17.819,94.338,7.337,128.928-26.205v0Z\" transform=\"matrix(1.13937 0 0 1 503.331 1752.58)\" fill=\"url(#etZNF97Wf1q3-fill)\"\/><path d=\"M34.5904,34.5904c-47.1687,47.1686-47.1687,122.6386,0,168.7586l99.5786,99.579c4.192,4.193,8.385,5.241,13.626,5.241s9.434-2.097,13.627-5.241c8.385-7.338,7.337-20.964,0-28.301l-53.458-53.458c-3.145-1.049-3.145-6.289-1.048-8.386c3.144-3.144,7.337-3.144,10.482-1.048l83.855,83.855c4.193,4.193,8.386,5.241,13.627,5.241c5.24,0,9.433-2.096,13.626-5.241c8.386-7.337,7.337-20.963,0-28.301l-82.807-82.807c-3.145-3.145-3.145-7.337,0-10.482c3.144-3.145,7.337-3.145,10.482,0L267.289,285.108c4.193,4.193,8.386,5.241,13.627,5.241s9.433-2.096,13.626-5.241c7.338-7.337,7.338-19.915,0-27.253L182.386,147.795c-2.097-2.096-3.145-7.337-1.049-9.434c3.145-3.144,7.338-3.144,10.482-1.048l93.289,93.289c4.193,4.193,8.386,5.241,13.627,5.241s9.434-2.096,13.626-5.241c7.338-7.337,7.338-19.915,0-27.253L191.819,81.759c-7.337-7.3373,1.048-20.9638,10.482-16.771l37.735,14.6747c5.241,2.0963,10.482,2.0963,14.675,0c4.193-2.0964,8.385-5.241,10.482-10.482c4.193-10.4819-1.048-20.9638-10.482-25.1566L163.518,8.38554C119.494,-9.43374,69.1807,1.04819,34.5904,34.5904v0Z\" transform=\"matrix(1.13937 0 0 1 503.331 1752.58)\" fill=\"url(#etZNF97Wf1q4-fill)\"\/><path d=\"M34.5904,636.253c47.1686,47.169,122.6386,47.169,168.7586,0l99.579-99.578c4.193-4.193,5.241-8.386,5.241-13.627s-2.097-9.433-5.241-13.626c-7.338-8.386-20.964-7.338-28.301,0L221.169,562.88c-1.049,3.144-6.289,3.144-8.386,1.048-3.144-3.145-3.144-7.338-1.048-10.482L295.59,469.59c4.193-4.192,5.241-8.385,5.241-13.626s-2.096-9.434-5.241-13.627c-7.337-8.385-20.963-7.337-28.301,0l-82.807,82.808c-3.145,3.144-7.337,3.144-10.482,0-3.145-3.145-3.145-7.338,0-10.482L285.108,403.554c4.193-4.193,5.241-8.385,5.241-13.626s-2.096-9.434-5.241-13.627c-7.337-7.337-19.915-7.337-27.253,0L147.795,488.458c-2.096,2.096-7.337,3.144-9.434,1.048-3.144-3.144-3.144-7.337-1.048-10.482l93.289-93.289c4.193-4.193,5.241-8.386,5.241-13.627c0-5.24-2.096-9.433-5.241-13.626-7.337-7.337-19.915-7.337-27.253,0L81.759,479.024c-7.3373,7.338-20.9638-1.048-16.771-10.482l14.6747-37.735c2.0963-5.241,2.0963-10.482,0-14.674-2.0964-4.193-5.241-8.386-10.482-10.482-10.4819-4.193-20.9638,1.048-25.1566,10.482L8.38554,507.325C-9.43374,551.349,1.04819,601.663,34.5904,636.253v0Z\" transform=\"matrix(1.13937 0 0 1 503.331 1752.58)\" fill=\"url(#etZNF97Wf1q5-fill)\"\/><path d=\"M636.253,34.5904c-47.169-47.1687-122.638-47.1687-168.759,0L366.868,134.169c-4.193,4.192-5.241,8.385-5.241,13.626s2.096,9.434,5.241,13.627c7.337,8.385,20.963,7.337,28.301,0l53.458-53.458c2.096-2.097,7.337-3.145,9.433-1.048c3.145,3.144,3.145,7.337,1.048,10.482l-83.855,83.855c-4.193,4.193-5.241,8.386-5.241,13.627c0,5.24,2.096,9.433,5.241,13.626c7.337,8.386,20.964,7.337,28.301,0l82.808-82.807c3.144-3.145,7.337-3.145,10.481,0c3.145,3.144,3.145,7.337,0,10.482L384.687,266.241c-4.193,4.193-5.241,8.386-5.241,13.626c0,5.241,2.096,9.434,5.241,13.627c7.337,7.337,19.915,7.337,27.253,0L523.048,182.386c2.097-2.097,7.338-3.145,9.434-1.049c3.145,3.145,3.145,7.338,1.048,10.482l-93.289,94.338c-4.193,4.192-5.241,8.385-5.241,13.626s2.096,9.434,5.241,13.627c7.337,7.337,19.916,7.337,27.253,0l121.59-121.591c7.338-7.337,20.964,1.048,16.771,10.482l-14.674,37.735c-2.097,5.241-2.097,10.482,0,14.675c2.096,4.193,5.241,8.385,10.482,10.482c10.482,4.193,20.964-1.048,25.156-10.482l35.639-91.193c17.819-44.024,7.337-94.3373-26.205-128.9276v0Z\" transform=\"matrix(1.13937 0 0 1 503.331 1752.58)\" fill=\"url(#etZNF97Wf1q6-fill)\"\/><\/g><\/svg>                <\/div>\n            \n            <div class=\"alert-body\">            \n                <h3>Dylunio Tudalennau Cynwysoldeb<\/h3>                <p>Mae'r holl dudalennau Cynwysoldeb wedi'u cynllunio gan ddilyn egwyddorion <a href=\"https:\/\/sites.cardiff.ac.uk\/education-development-toolkit\/cy\/trosolwg-or-themau\/cynwysoldeb\/dylunio-cyffredinol-ar-gyfer-dys-cynfyfyrwyrgu\/\">Dylunio Cyffredinol ar gyfer Dysgu (UDL<\/a>). Fe welwch gyfuniad o destun, fideo a delweddau, ynghyd \u00e2 rhai pwyntiau ar gyfer myfyrio, enghreifftiau ymarferol ac astudiaethau achos.<\/p>\n<p>Gallwch ddewis darllen y testun, neu gael mynediad at fideo o'r un deunydd. <a href=\"#section7\">Mae'r recordiad ar waelod y dudalen hon<\/a>. Gallwch hefyd fynychu gweithdy ar y pwnc: <a href=\"#section8\">i gael gwybod mwy gweler y blwch DPP ar waelod y dudalen hon<\/a>.<\/p>\n            <\/div>\n        <\/div> \n\n    \n<div>\n<p>Mae cefnogi myfyrwyr amrywiol wrth iddynt bontio i addysg uwch yn hanfodol, yn enwedig wrth i fwy o fyfyrwyr andraddodiadol ymuno \u00e2&#8217;n cymuned. Mae rheoli&#8217;r trawsnewidiadau hyn yn llwyddiannus yn gofyn am ddull cydlynol sy&#8217;n cydnabod amrywiaeth ein poblogaeth myfyrwyr. Mae pontio yn broses barhaus drwy gydol cylch bywyd y myfyrwyr (Thomas, 2012).<\/p>\n<p>Pontio:<\/p>\n<ul>\n<li>Yn: Cefnogir gan: Gweithgareddau cynefino, creu ymdeimlad o berthyn, ac archwilio a chyd-greu arferion, disgwyliadau ac arferion academaidd<\/li>\n<li>Drwy: Cefnogir gan: Datblygiad academaidd a chymorth, ochr yn ochr \u00e2 chymorth bugeiliol a chyfleoedd datblygiad personol<\/li>\n<li>Allan: Cefnogir gan: Cyfleoedd datblygiad personol ac academaidd a chynllunio gyrfa<\/li>\n<\/ul>\n<p>Roedd adolygiad mawr Thomas o &#8216;What Works&#8217; (2012) o ran cadw myfyrwyr a&#8217;u llwyddiant yn awgrymu y dylai&#8217;r broses o ennyn diddordeb myfyrwyr ddechrau&#8217;n gynnar ac ymestyn drwy gydol cylch bywyd myfyrwyr. Canfu&#8217;r ymchwil ei bod yn hanfodol i ymgysylltu ddechrau cyn cofrestru. Dylai gweithgareddau cyn mynediad ac ymsefydlu fod ag ystod o swyddogaethau, ond yn benodol dylent hwyluso myfyrwyr i feithrin perthnasoedd cymdeithasol gyda myfyrwyr presennol a newydd ac aelodau staff (Thomas, 2012).<\/p>\n<p>Gan ddefnyddio egwyddorion Dylunio Cyffredinol ar gyfer Dysgu, dylai gweithgareddau cynefino a phontio ddefnyddio &#8216;sawl dull o ymgysylltu&#8217;. Dylent felly ymgorffori hyblygrwydd a dysgu sy&#8217;n canolbwyntio ar nodau i annog ymgysylltiad pob myfyriwr, er enghraifft, trwy gyfres o weithgareddau sy&#8217;n creu rhyngweithio cymdeithasol, ac amrywiaeth o opsiynau ar gyfer cael mynediad at wybodaeth a deunyddiau. Mae hyn yn galluogi mynediad i bawb ac yn cynyddu cymhelliant a pherchnogaeth dysgu. Mae manteisio ar enghreifftiau o&#8217;r byd go iawn, cysylltu dysgu \u00e2 phrofiadau myfyrwyr yn y gorffennol, a gwneud dysgu&#8217;n g\u00eam hefyd yn cynyddu ymgysylltiad (CAST, 2023).<\/p>\n<p>Isod ceir 5 awgrym gorau o safbwynt myfyriwr:<\/p>\n<div class=\"accordion accordion-accessible\"><div class=\"accordion-section\">\n        <h2 class=\"accordion-section-header-title collapsed\" data-toggle=\"collapse\" href=\"#content-transition-what-do-the-students-say-cy-1\"\n        aria-expanded=\"false\"><svg class=\"icon icon-chevron-right\" xmlns=\"http:\/\/www.w3.org\/2000\/svg\" viewBox=\"0 0 19.75 32\">\n    <title>Chevron right<\/title>\n    <path d=\"M6.13,28.28L18.41,16,6.13,3.72,9.84,0l16,16-16,16Z\" transform=\"translate(-6.13 0)\"><\/path>\n<\/svg> Cefnogaeth cyn cyrraedd<\/h2> <div class=\"accordion-section-body collapse \" id=\"content-transition-what-do-the-students-say-cy-1\"><p><strong>Myfyriwr 1:<\/strong> \u2018Roedd gallu cysylltu \u00e2'r timau lles ac anabledd cyn dechrau fy astudiaethau wedi lleddfu llawer o'r pryderon oedd gen i\u2019<\/p>\n<p><strong>\u00a0Myfyriwr 2:<\/strong> \u2018Cyn ymuno \u00e2'r Brifysgol, rwy'n cofio cael llawer o wybodaeth mewn byr o dro. Pe bai'r ohebiaeth wedi cael ei hanfon dros gyfnod hirach, efallai y byddai hynny wedi fy helpu i deimlo fy mod i\u2019n cael fy nghroesawu'n raddol i'r Brifysgol ac fy mod yn cael fy llethu lai oherwydd yr holl wybodaeth\u2019<\/p>\n<p><strong>Myfyriwr 3:<\/strong> \u2018Pan ddechreuais i fy astudiaethau israddedig, do\u2019n i ddim yn deall y graddau y byddai cymorth y Brifysgol yn cymryd \u2018sedd gefn\u2019. Byddai wedi bod yn well gen i fod y Brifysgol yn s\u00f4n am hyn yn yr ohebiaeth cyn imi fynd yno, a bod cyfle wedi bod i fynd i sesiwn holi ac ateb, dyweder, am fywyd y brifysgol, gan nad o\u2019n i\u2019n gallu mynd i ddiwrnod agored.\u2019<\/p>\n<\/div> <\/div><div class=\"accordion-section\">\n        <h2 class=\"accordion-section-header-title collapsed\" data-toggle=\"collapse\" href=\"#content-transition-what-do-the-students-say-cy-2\"\n        aria-expanded=\"false\"><svg class=\"icon icon-chevron-right\" xmlns=\"http:\/\/www.w3.org\/2000\/svg\" viewBox=\"0 0 19.75 32\">\n    <title>Chevron right<\/title>\n    <path d=\"M6.13,28.28L18.41,16,6.13,3.72,9.84,0l16,16-16,16Z\" transform=\"translate(-6.13 0)\"><\/path>\n<\/svg> Dysgu ein henwau<\/h2> <div class=\"accordion-section-body collapse \" id=\"content-transition-what-do-the-students-say-cy-2\"><p><strong>Myfyriwr 1:<\/strong> \u2018Ro\u2019n i'n gwerthfawrogi bod y darlithwyr wedi cymryd yr amser i ddysgu ein henwau - roedd y dosbarth yn fwy personol oherwydd hynny.\u2019<\/p>\n<p><strong>Myfyriwr 2:<\/strong> \u2018Pan ymunais i am y tro cyntaf, treuliodd un darlithydd y 5 munud cyntaf yn cerdded o amgylch y ddarlithfa, gan gyflwyno ei hun i bob myfyriwr a gofyn iddo ei enw ac o ble roedd yn dod. Ro\u2019n i\u2019n gwerthfawrogi hyn ac roedd yn llawer gwell na sefyll ar y blaen ac annerch yr ystafell.\u2019<\/p>\n<\/div> <\/div><div class=\"accordion-section\">\n        <h2 class=\"accordion-section-header-title collapsed\" data-toggle=\"collapse\" href=\"#content-transition-what-do-the-students-say-cy-3\"\n        aria-expanded=\"false\"><svg class=\"icon icon-chevron-right\" xmlns=\"http:\/\/www.w3.org\/2000\/svg\" viewBox=\"0 0 19.75 32\">\n    <title>Chevron right<\/title>\n    <path d=\"M6.13,28.28L18.41,16,6.13,3.72,9.84,0l16,16-16,16Z\" transform=\"translate(-6.13 0)\"><\/path>\n<\/svg> Grym torri\u2019r i\u00e2<\/h2> <div class=\"accordion-section-body collapse \" id=\"content-transition-what-do-the-students-say-cy-3\"><p><strong>Myfyriwr 1:<\/strong> \u2018Roedd trafodaethau gr\u0175p a gweithgareddau torri i\u00e2 ar ddechrau'r semester wedi fy helpu i gysylltu \u00e2 chyd-ddisgyblion a magu hyder.<\/p>\n<\/div> <\/div><div class=\"accordion-section\">\n        <h2 class=\"accordion-section-header-title collapsed\" data-toggle=\"collapse\" href=\"#content-transition-what-do-the-students-say-cy-4\"\n        aria-expanded=\"false\"><svg class=\"icon icon-chevron-right\" xmlns=\"http:\/\/www.w3.org\/2000\/svg\" viewBox=\"0 0 19.75 32\">\n    <title>Chevron right<\/title>\n    <path d=\"M6.13,28.28L18.41,16,6.13,3.72,9.84,0l16,16-16,16Z\" transform=\"translate(-6.13 0)\"><\/path>\n<\/svg> Cyfeirio at wasanaethau<\/h2> <div class=\"accordion-section-body collapse \" id=\"content-transition-what-do-the-students-say-cy-4\"><p><strong>Myfyriwr 1:<\/strong> \u2018Sicrhau bod myfyrwyr yn cael eu cyfeirio at y gwasanaethau a'r cymorth cywir yn ystod yr wythnosau cyntaf gan diwtoriaid personol \/ pecyn croeso. Ceir hen ddigon o adnoddau defnyddiol -- fel gweithdai sgiliau astudio, gwasanaethau cymorth ariannol a chymorth iechyd meddwl - ond weithiau mae'n anodd dod o hyd i'r wybodaeth gywir pan fydd ei hangen arnoch chi. Pe bai'r rhain yn cael eu crybwyll yn amlach mewn darlithoedd ac yn rhan o becynnau croeso, rwy\u2019n credu y byddai mwy o fyfyrwyr yn eu defnyddio mewn gwirionedd.\u2019<\/p>\n<\/div> <\/div><div class=\"accordion-section\">\n        <h2 class=\"accordion-section-header-title collapsed\" data-toggle=\"collapse\" href=\"#content-transition-what-do-the-students-say-cy-5\"\n        aria-expanded=\"false\"><svg class=\"icon icon-chevron-right\" xmlns=\"http:\/\/www.w3.org\/2000\/svg\" viewBox=\"0 0 19.75 32\">\n    <title>Chevron right<\/title>\n    <path d=\"M6.13,28.28L18.41,16,6.13,3.72,9.84,0l16,16-16,16Z\" transform=\"translate(-6.13 0)\"><\/path>\n<\/svg> Sesiynau galw heibio <\/h2> <div class=\"accordion-section-body collapse \" id=\"content-transition-what-do-the-students-say-cy-5\"><p><strong>Myfyriwr 1:<\/strong> \u2018A minnau\u2019n fyfyriwr y genhedlaeth gyntaf yn fy ardal lle bydd llai o bobl yn mynd i addysg uwch, ro\u2019n i'n teimlo fy mod i ddim yn deall o hyd rai o brif normau diwylliannol y brifysgol. Efallai y byddai rhai sesiynau galw heibio i fyfyrwyr o gefndiroedd gwahanol (gan gynnwys y cefndiroedd uchod, myfyrwyr aeddfed, gofalwyr ifanc, a rhieni ond heb fod yn gyfyngedig iddyn nhw) wedi bod yn fuddiol i ystod eang o fyfyrwyr, yn enwedig o ystyried yr amrywiaeth cynyddol ymhlith myfyrwyr israddedig yn ystod y blynyddoedd diwethaf.\u2019<\/p>\n<\/div> <\/div><\/div>\n<p>Mae trawsnewidiadau yn hanfodol i sefydlu perthyn. Gan adeiladu ar fodel \u201ccylch bywyd myfyrwyr\u201d Thomas (2012), mae strategaethau Prifysgol Caerdydd ar gyfer cefnogi trawsnewidiadau myfyrwyr wedi&#8217;u cynllunio i feithrin ymdeimlad o berthyn ar draws camau amrywiol o daith y myfyrwyr, gan gynnwys camau cyn mynediad, mynediad ac \u00f4l-raddio. Nod strategaethau, fel y rhai a amlinellir isod, wedi&#8217;u lledaenu ar draws cylch bywyd y myfyrwyr, yw creu ymdeimlad cryf o berthyn o gyn cyrraedd hyd at raddio. Maent yn sicrhau bod myfyrwyr Caerdydd yn teimlo eu bod yn cael eu croesawu, eu cefnogi a&#8217;u hintegreiddio o fewn cymuned y brifysgol o\u2019r diwrnod cyntaf.<\/p>\n<h4>Strategaethau ymarferol ar gyfer cefnogi trawsnewidiadau myfyrwyr:<\/h4>\n<h4>Ymgysylltiad cyn cyrraedd<\/h4>\n<ul>\n<li><strong>Cyfathrebiadau croeso wedi&#8217;u personoli<\/strong>: Defnyddiwch negeseuon e-bost croeso, fideos a chyfryngau cymdeithasol i gyflwyno myfyrwyr i gymuned Caerdydd. Mae anfon negeseuon e-bost wedi&#8217;u teilwra gan aelodau allweddol o staff a myfyrwyr (e.e. arweinwyr rhaglenni a llysgenhadon myfyrwyr) yn helpu myfyrwyr i deimlo&#8217;n gysylltiedig cyn cyrraedd. Gall hyn gynnwys gwybodaeth am wasanaethau prifysgol, cyfleoedd cymdeithasol, ac adnoddau academaidd<\/li>\n<li><strong>Cyflwyniad i ddiwylliant ac adnoddau\u2019r brifysgol<\/strong>: Gall fideos neu gynnwys cyfryngau cymdeithasol rhyngweithiol gyflwyno diwylliant Caerdydd a thynnu sylw at y systemau cymorth sydd ar gael, megis gwasanaethau llesiant, cymorth academaidd, a gweithgareddau allgyrsiol. Mae&#8217;r dull hwn yn sicrhau bod pobl yn ymgyfarwyddo \u00e2 gwerthoedd, disgwyliadau a chynigion cymunedol y brifysgol.<\/li>\n<li><strong>Cyfleoedd rhwydweithio ar-lein:<\/strong> Gall creu llwyfannau i fyfyrwyr gwrdd \u00e2 chyfoedion ar-lein cyn iddynt gyrraedd, fel grwpiau preifat wedi\u2019u hwyluso gan blatfform cyfryngau cymdeithasol, byrddau trafod, neu apiau negeseuon, feithrin cysylltiadau cynnar. Gellir trefnu&#8217;r rhain hefyd yn \u00f4l meysydd rhaglen neu ddiddordeb er mwyn hwyluso ffurfio cwlwm.<\/li>\n<\/ul>\n<h4>Gweithgareddau ymsefydlu cynhwysol: Dylunio digwyddiadau sefydlu sy&#8217;n hwyluso cysylltiadau cymdeithasol ac yn egluro disgwyliadau academaidd, gan fynd i&#8217;r afael \u00e2 normau heb eu dweud yn gynnar.<\/h4>\n<ul>\n<li><strong>Digwyddiadau cymdeithasol dan arweiniad cymheiriaid:<\/strong> Mae cynnwys gweithgareddau a gynhelir gan fyfyrwyr sy&#8217;n dychwelyd, fel teithiau, cyfarfodydd gr\u0175p, neu sesiynau holi ac ateb anffurfiol, yn caniat\u00e1u i fyfyrwyr newydd gysylltu \u00e2 chyfoedion profiadol sy&#8217;n gallu rhannu mewnwelediadau ar fywyd campws a disgwyliadau academaidd.<\/li>\n<li><strong>Gweithdai rhyngweithiol ar ddiwylliant prifysgol:<\/strong> Gall sesiynau sy&#8217;n dadrinio safonau academaidd, normau heb eu dweud, a disgwyliadau asesu leddfu trawsnewid academaidd. Gall defnyddio astudiaethau achos, senarios, neu weithgareddau chwarae r\u00f4l wneud y gweithdai hyn yn fwy deniadol a hygyrch.<\/li>\n<li><strong>Prosiectau gr\u0175p neu weithgareddau torri\u2019r i\u00e2<\/strong>: Mae aseiniadau cydweithredol cynnar neu brosiectau grwpiau bach yn yr wythnos sefydlu yn annog integreiddio cymdeithasol ac yn gosod y sail ar gyfer dysgu gr\u0175p yn y dyfodol, gan atgyfnerthu cymuned academaidd gefnogol.<\/li>\n<\/ul>\n<h4>Cymorth parhaus: Gall gwiriadau rheolaidd a mentora gan gymheiriaid drwy gydol taith academaidd myfyrwyr gynnal ymgysylltiad a chefnogaeth.<\/h4>\n<ul>\n<li><strong>Gwiriadau rheolaidd gan gynghorwyr academaidd:<\/strong> Mae gwiriadau wedi&#8217;u trefnu drwy gydol y flwyddyn academaidd yn darparu cefnogaeth gyson i fyfyrwyr. Gall cynghorwyr drafod cynnydd academaidd, llesiant, a nodau yn y dyfodol, a chysylltu myfyrwyr ag adnoddau ychwanegol yn \u00f4l yr angen.<\/li>\n<li><strong>Rhaglenni mentora gan gymheiriaid:<\/strong> Mae pennu mentoriaid o gefndiroedd neu ddisgyblaethau tebyg yn creu rhwydwaith cymorth lle gall myfyrwyr newydd ofyn cwestiynau a gofyn am gyngor yn anffurfiol. Gall mentoriaeth strwythuredig helpu myfyrwyr i deimlo eu bod yn cael eu harwain a&#8217;u cefnogi wrth iddynt lywio heriau.<\/li>\n<li><strong>Digwyddiadau adeiladu cymunedau ar draws y flwyddyn:<\/strong> Mae cynnig digwyddiadau cymdeithasol ac academaidd y tu hwnt i ymsefydlu, megis darlithoedd gwadd, trafodaethau thema, neu ddigwyddiadau cymdeithasol, yn helpu i gynnal ymdeimlad o gymuned. Mae digwyddiadau sy&#8217;n gysylltiedig ag amseroedd academaidd critigol (e.e. cyfnodau arholiadau) yn darparu gwaith ymgysylltu a chymorth ymarferol pan fydd eu angen fwyaf ar fyfyrwyr.<\/li>\n<\/ul>\n<\/div>\n<hr \/>\n<h2>Ble Nesaf?<\/h2>\n<p><span data-contrast=\"none\">Addysg Gynhwysol: Mynegai&#8217;r Pynciau<\/span><span data-ccp-props=\"{&quot;134245418&quot;:true,&quot;134245529&quot;:true,&quot;335559738&quot;:360,&quot;335559739&quot;:80}\">\u00a0<\/span><\/p>\n<figure id=\"post-7198 media-7198\" class=\"image align-none\"><img decoding=\"async\" src=\"http:\/\/sites.cardiff.ac.uk\/education-development-toolkit\/files\/2024\/10\/Inclusive-education-map-3.png\" alt=\"\" \/><\/figure>\n<figure><\/figure>\n<figure class=\"image align-none\"><span style=\"background-color: #ffffff\">Rydych chi ar dudalen<\/span><strong style=\"background-color: #ffffff\"> 2 o 9 <\/strong><span style=\"background-color: #ffffff\">o\u2019r tudalennauthema Cynwysoldeb. Archwiliwch y lleill yma:<\/span><\/figure>\n<p><a href=\"https:\/\/sites.cardiff.ac.uk\/education-development-toolkit\/cy\/trosolwg-or-themau\/cynwysoldeb\/cyflwyniad-i-addysg-gynhwysol\/\">1..Cynwysoldeb a Fframwaith Addysg Gynhwysol Prifysgol Caerdydd<\/a><\/p>\n<p><a href=\"https:\/\/sites.cardiff.ac.uk\/education-development-toolkit\/cy\/trosolwg-or-themau\/cynwysoldeb\/cyflwyniad-i-addysg-gynhwysol\/\"><strong>2.Cyflwyniad i Addysg Gynhwysol<\/strong><\/a><br \/>\n<a href=\"https:\/\/sites.cardiff.ac.uk\/education-development-toolkit\/cy\/trosolwg-or-themau\/cynwysoldeb\/meithrin-ymdeimlad-o-berthyn-i-bob-myfyriwr\/\"><strong>3. <\/strong>Meithrin ymdeimlad o berthyn i bob myfyriwr;<\/a><br \/>\n<a href=\"https:\/\/sites.cardiff.ac.uk\/education-development-toolkit\/cy\/trosolwg-or-themau\/cynwysoldeb\/grymuso-myfyrwyr-i-wireddu-eu-potensial\/\">4. Grymuso myfyrwyr i gyflawni eu potensial;<\/a><br \/>\n<a href=\"https:\/\/sites.cardiff.ac.uk\/education-development-toolkit\/cy\/trosolwg-or-themau\/cynwysoldeb\/datblygu-meddyliau-cynhwysol\/\">5. Datblygu meddylfryd cynhwysol<\/a><br \/>\n<a href=\"https:\/\/sites.cardiff.ac.uk\/education-development-toolkit\/cy\/trosolwg-or-themau\/cynwysoldeb\/dylunio-cyffredinol-ar-gyfer-dys-cynfyfyrwyrgu\/\">6. Dylunio Cyffredinol ar gyfer Dysgu\u202f<\/a><br \/>\n<a href=\"https:\/\/sites.cardiff.ac.uk\/education-development-toolkit\/cy\/trosolwg-or-themau\/cynwysoldeb\/hygychedd-digidol\/\">7. Hygyrchedd Digidol<\/a><\/p>\n<p><a href=\"https:\/\/sites.cardiff.ac.uk\/education-development-toolkit\/cy\/trosolwg-or-themau\/cynwysoldeb\/anabledd-a-dyslecsia\/\">8. Anabledd a Dyslecsia<\/a><\/p>\n<p><a href=\"https:\/\/sites.cardiff.ac.uk\/education-development-toolkit\/cy\/trosolwg-or-themau\/cynwysoldeb\/myfyrwyr-rhyngwladol\/\">9. Myfyrwyr Rhyngwladd<\/a><\/p>\n","protected":false},"excerpt":{"rendered":"Mae cefnogi myfyrwyr amrywiol wrth iddynt bontio i addysg uwch yn hanfodol, yn enwedig wrth i fwy o fyfyrwyr andraddodiadol ymuno \u00e2'n cymuned. Mae rheoli'r trawsnewidiadau hyn yn llwyddiannus yn [&hellip;]","protected":false},"author":1,"featured_media":0,"parent":1447,"menu_order":0,"comment_status":"closed","ping_status":"closed","template":"","meta":{"footnotes":""},"categories":[],"tags":[],"class_list":["post-8340","page","type-page","status-publish","hentry"],"meta_box":{"cu_accordion":"","cu_alert":"","cu_tabs":"","cu_quote":""},"_links":{"self":[{"href":"https:\/\/sites.cardiff.ac.uk\/education-development-toolkit\/wp-json\/wp\/v2\/pages\/8340","targetHints":{"allow":["GET"]}}],"collection":[{"href":"https:\/\/sites.cardiff.ac.uk\/education-development-toolkit\/wp-json\/wp\/v2\/pages"}],"about":[{"href":"https:\/\/sites.cardiff.ac.uk\/education-development-toolkit\/wp-json\/wp\/v2\/types\/page"}],"author":[{"embeddable":true,"href":"https:\/\/sites.cardiff.ac.uk\/education-development-toolkit\/wp-json\/wp\/v2\/users\/1"}],"replies":[{"embeddable":true,"href":"https:\/\/sites.cardiff.ac.uk\/education-development-toolkit\/wp-json\/wp\/v2\/comments?post=8340"}],"version-history":[{"count":10,"href":"https:\/\/sites.cardiff.ac.uk\/education-development-toolkit\/wp-json\/wp\/v2\/pages\/8340\/revisions"}],"predecessor-version":[{"id":9258,"href":"https:\/\/sites.cardiff.ac.uk\/education-development-toolkit\/wp-json\/wp\/v2\/pages\/8340\/revisions\/9258"}],"up":[{"embeddable":true,"href":"https:\/\/sites.cardiff.ac.uk\/education-development-toolkit\/wp-json\/wp\/v2\/pages\/1447"}],"wp:attachment":[{"href":"https:\/\/sites.cardiff.ac.uk\/education-development-toolkit\/wp-json\/wp\/v2\/media?parent=8340"}],"wp:term":[{"taxonomy":"category","embeddable":true,"href":"https:\/\/sites.cardiff.ac.uk\/education-development-toolkit\/wp-json\/wp\/v2\/categories?post=8340"},{"taxonomy":"post_tag","embeddable":true,"href":"https:\/\/sites.cardiff.ac.uk\/education-development-toolkit\/wp-json\/wp\/v2\/tags?post=8340"}],"curies":[{"name":"wp","href":"https:\/\/api.w.org\/{rel}","templated":true}]}}