{"id":1787,"date":"2015-12-14T16:22:17","date_gmt":"2015-12-14T16:22:17","guid":{"rendered":"http:\/\/sites.cardiff.ac.uk\/medow\/?page_id=1787"},"modified":"2017-04-13T12:07:58","modified_gmt":"2017-04-13T12:07:58","slug":"patents","status":"publish","type":"page","link":"https:\/\/sites.cardiff.ac.uk\/medow\/dissemination\/patents\/","title":{"rendered":"Patents"},"content":{"rendered":"<p>Patent application filed (Portuguese National Patent Office):<\/p>\n<p>Title: FAULT CURRENT MANAGING BRANCH FOR SURGE-LESS CURRENT INTERRUPTION IN DC SYSTEM<\/p>\n<p>Application No. : 108775<\/p>\n<p>Filing date: 12.08.2015<\/p>\n<p>Applicant: EFACEC ENERGIA, M\u00c1QUINAS E EQUIPAMENTOS EL\u00c9CTRICOS, S.A.<\/p>\n<p>Inventors: Ataollah Mokhberdoran, Adriano Carvalho, Nuno Silva, H\u00e9lder Leite, Ant\u00f3nio Carrapatoso<\/p>\n<p>&nbsp;<\/p>\n","protected":false},"excerpt":{"rendered":"<p>Patent application filed (Portuguese National Patent Office): Title: FAULT CURRENT MANAGING BRANCH FOR SURGE-LESS CURRENT INTERRUPTION IN DC SYSTEM Application No. : 108775 Filing date: 12.08.2015 Applicant: EFACEC ENERGIA, M\u00c1QUINAS E EQUIPAMENTOS EL\u00c9CTRICOS, S.A. Inventors: Ataollah Mokhberdoran, Adriano Carvalho, Nuno Silva, H\u00e9lder Leite, Ant\u00f3nio Carrapatoso &nbsp;<\/p>\n","protected":false},"author":1000,"featured_media":0,"parent":25,"menu_order":6,"comment_status":"closed","ping_status":"closed","template":"","meta":{"jetpack_post_was_ever_published":false,"footnotes":""},"class_list":["post-1787","page","type-page","status-publish","hentry"],"jetpack_shortlink":"https:\/\/wp.me\/P41kOo-sP","jetpack_sharing_enabled":true,"meta_box":[],"_links":{"self":[{"href":"https:\/\/sites.cardiff.ac.uk\/medow\/wp-json\/wp\/v2\/pages\/1787","targetHints":{"allow":["GET"]}}],"collection":[{"href":"https:\/\/sites.cardiff.ac.uk\/medow\/wp-json\/wp\/v2\/pages"}],"about":[{"href":"https:\/\/sites.cardiff.ac.uk\/medow\/wp-json\/wp\/v2\/types\/page"}],"author":[{"embeddable":true,"href":"https:\/\/sites.cardiff.ac.uk\/medow\/wp-json\/wp\/v2\/users\/1000"}],"replies":[{"embeddable":true,"href":"https:\/\/sites.cardiff.ac.uk\/medow\/wp-json\/wp\/v2\/comments?post=1787"}],"version-history":[{"count":1,"href":"https:\/\/sites.cardiff.ac.uk\/medow\/wp-json\/wp\/v2\/pages\/1787\/revisions"}],"predecessor-version":[{"id":1788,"href":"https:\/\/sites.cardiff.ac.uk\/medow\/wp-json\/wp\/v2\/pages\/1787\/revisions\/1788"}],"up":[{"embeddable":true,"href":"https:\/\/sites.cardiff.ac.uk\/medow\/wp-json\/wp\/v2\/pages\/25"}],"wp:attachment":[{"href":"https:\/\/sites.cardiff.ac.uk\/medow\/wp-json\/wp\/v2\/media?parent=1787"}],"curies":[{"name":"wp","href":"https:\/\/api.w.org\/{rel}","templated":true}]}}