{"id":230,"date":"2013-09-26T13:29:48","date_gmt":"2013-09-26T13:29:48","guid":{"rendered":"http:\/\/devwordpress.cf.ac.uk\/medow\/?page_id=230"},"modified":"2017-06-06T13:52:01","modified_gmt":"2017-06-06T13:52:01","slug":"online","status":"publish","type":"page","link":"https:\/\/sites.cardiff.ac.uk\/medow\/dissemination\/online\/","title":{"rendered":"Online and print"},"content":{"rendered":"<p><strong>01 June 2017<\/strong><\/p>\n<p>MEDOW appears on the European Commission&#8217;s <a href=\"http:\/\/cordis.europa.eu\/news\/rcn\/141375_en.html\" target=\"_blank\">CORDIS<\/a> research news site for a second time and gets more media coverage via the <a href=\"http:\/\/www.electronicspecifier.com\/around-the-industry\/eu-funded-project-develops-future-offshore-dc-grids\" target=\"_blank\">Electronic Specifier<\/a>.<\/p>\n<p><strong>February 2017<\/strong><\/p>\n<p>MEDOW appears for a third time in Spanish language <a href=\"https:\/\/www.smartgridsinfo.es\/2017\/02\/27\/medow-investigacion-super-grids-energia-eolica-marina\" target=\"_blank\">Smart Grids Info<\/a>\u00a0in the article\u00a0<em>MEDOW, investigaci\u00f3n de super-grids para energ\u00eda e\u00f3lica marina.<\/em><\/p>\n<p><strong>November 2016<\/strong><\/p>\n<p>A story on MEDOW appears in <a href=\"http:\/\/www.maritime-executive.com\/article\/enabling-the-offshore-wind-supergrid\" target=\"_blank\">Marine Executive<\/a>, a publication aimed at marine trade and industry.<\/p>\n<p><strong>November\u00a02016<\/strong><\/p>\n<p>MEDOW project has been\u00a0profiled in <a href=\"http:\/\/bookshop.europa.eu\/en\/research-eu-results-magazine-pbZZAC16009\/\">Research EU Results magazine.<\/a> This month&#8217;s edition is all about offshore wind which is why<a href=\"http:\/\/www.cardiff.ac.uk\/people\/view\/364414-liang-jun\"> Dr Jun Liang <\/a>\u00a0\u2013 project\u2019s Chief Investigator \u2013 has been interviewed by the editors of this prestigious magazine. \u00a0Go to page 10 of\u00a0<a href=\"http:\/\/sites.cardiff.ac.uk\/medow\/files\/2013\/09\/ZZAC16009ENN_002.pdf\">Research EU magazine Nov 2016<\/a>\u00a0to find out more.<\/p>\n<p>The article was shared by <a href=\"https:\/\/phys.org\/news\/2016-11-enabling-offshore-supergrid.html\" target=\"_blank\">Phys.org<\/a>, <a href=\"http:\/\/www.rinnovabili.it\/energia\/reti-di-distribuzione\/super-rete-eolico-offshore-666\/\" target=\"_blank\">rinnovabili.it<\/a> (in Italian) and <a href=\"http:\/\/www.supplychainbrain.com\/content\/industry-verticals\/chemicals-energy\/single-article-page\/article\/european-wind-power-supergrid-to-launch-in-march\/?OCVALIDATE\" target=\"_blank\">supplychainbrain.com<\/a> .<\/p>\n<p><strong>September 2016<\/strong><\/p>\n<p>MEDOW has been showcased in a report on international UK innovation. The<a href=\"http:\/\/www.universitiesuk.ac.uk\/policy-and-analysis\/reports\/Documents\/International\/International%20Innovation%20and%20UK%20Universities.pdf\">\u00a0new report<\/a> by Universities UK International, with support from UK\u2019s Department of Business, Innovation and Skills\u00a0details the breadth of UK universities\u2019 international activities which foster innovation and university-business interaction.<\/p>\n<p><a href=\"http:\/\/www.universitiesuk.ac.uk\/policy-and-analysis\/reports\/Documents\/International\/International%20Innovation%20and%20UK%20Universities.pdf\">The report<\/a> was launched in Shanghai by Jo Johnson MP, UK Minister of State for Universities and Science, as he visited China for <a href=\"https:\/\/www.gov.uk\/government\/world-location-news\/minister-celebrates-successful-commitment-of-200m-in-uk-china-research-and-innovation-collaboration\">events highlighting the strength of UK-China education<\/a>, science and innovation relationships.<\/p>\n<p>The report praises MEDOW for its impact, particularly that of linking industries across borders, providing opportunities for future collaborations\u00a0 and contributing to an international framework for the development of a pan-EU power grid (Universities UK report, 2016:32)<\/p>\n<p><strong>November 2015<\/strong><br \/>\nAn overview of the project and the importance of transmission grids for offshore wind power appears in a <a href=\"https:\/\/www.visiongain.com\/Report\/1528\/High-Voltage-Direct-Current-(HVDC)-Transmission-Market-2016-2026\" target=\"_blank\">Report on the HVDC Transmission Market 2016 &#8211; 2026<\/a><\/p>\n<p><strong>July 2015<\/strong><br \/>\nMEDOW ESR Marc Cheah has been interviewed by <a href=\"https:\/\/www.smartgridsinfo.es\/entrevistas\/marc-cheah-mane-investigador-del-proyecto-medow\" target=\"_blank\">Smart Grids Info<\/a>, a leading Spanish language news site dedicted to power, grids, smart cities and sustainable systems.\u00a0 Although MEDOW operates through the medium of English, it is really useful to put our researchers&#8217; language skills to good use to help communicate the project to a wider range of people.<\/p>\n<p><strong>April 2015<\/strong><br \/>\nMEDOW appears in the Friends of the Supergrid <a href=\"http:\/\/sites.cardiff.ac.uk\/medow\/files\/2013\/09\/FOSG-Newsletter-April-2015.pdf\">newsletter<\/a>.<\/p>\n<p>The Friends of the Supergrid is an Association promoting the policy agenda for a European Supergrid. It combines companies in sectors that will deliver the High Voltage Direct Current (HVDC) infrastructure and related technology, together with others that will develop, install, own and operate that infrastructure.\u00a0 Friends of the Supergrid advocates for an efficient, interconnected and resilient electricity grid to complement existing national transmission infrastructure. The Supergrid will secure the supply of a sustainable energy mix for Europe. This grid will foster economic welfare for the European citizens and create highly qualified jobs.<\/p>\n<p>MEDOW&#8217;s appearance in the FOSG newsletter is an excellent way to bring the project to the attention of a wide range of people and organisations which have a technical, political or economic interest in our field of work.<\/p>\n<p><strong>April 2015<\/strong><br \/>\nMEDOW appears in the <a href=\"http:\/\/www.horizon2020publications.com\/H6\/#134\" target=\"_blank\">Horizon2020 Project Portal magazine<\/a> (pp. 134-136).<\/p>\n<p><strong>March 2015<\/strong><br \/>\nAn <a href=\"http:\/\/sites.cardiff.ac.uk\/medow\/files\/2013\/09\/Final-OffshoreWindJournal-Mar2015.pdf\">article<\/a> on MEDOW appears in <a href=\"http:\/\/www.rivieramm.com\/publications\/offshore-wind-journal-38\/about-us-2011\" target=\"_blank\">Offshore Wind Journal<\/a>, a quarterly publication which brings together stakeholders in the offshore wind\u00a0 industry under one umbrella and projects these as a whole to its readership.<\/p>\n<p>Another <a href=\"http:\/\/sites.cardiff.ac.uk\/medow\/files\/2013\/09\/Final-Wind7Wave-Connect-Mar2015.pdf\">story<\/a> about the project is published in <a href=\"http:\/\/www.windandwaveconnect.co.uk\/magazine\/\" target=\"_blank\">Wind &amp; Wave Connect magazine<\/a>, which is an established supply chain magazine and directory combined, read by over 3,000 decision makers from the UK wind and wave supply chain.<\/p>\n<p>Both these articles are excellent ways to communicate what MEDOW is doing to the wider offshore wind power community.<\/p>\n<p><strong>March 2015<\/strong><br \/>\nMEDOW researchers&#8217; contributions to the IET ACDC 2015 conference are highlighted in <a href=\"March%202015 MEDOW researchers' contributions to the IET ACDC 2015 conference are highlighted in OffshoreWind.biz\" target=\"_blank\">OffshoreWind.biz<\/a><\/p>\n<p><strong>January 2015<\/strong><br \/>\nThe January 2015 newsletter of the US&#8217;s <a href=\"http:\/\/www.wiredinusa.com\/wiredinUSA-jan2015-PDF.pdf\" target=\"_blank\">Wired in USA<\/a> contains a story about MEDOW.\u00a0 The audience of Wired in USA are stakeholders in the wire and cable industry. \u00a0 This article helps to spread the word about MEDOW beyond Europe.<\/p>\n<p><strong>January 2015<\/strong><br \/>\nMEDOW is featured in a short article on offshore wind in German language site <a href=\"http:\/\/www.access2grid.de\/news\/medow-superstromnetz-soll-offshore-windstrom-ganz-europa-verteilen\" target=\"_blank\">Access2Grid<\/a>.<\/p>\n<p><strong>January 2015<\/strong><br \/>\nA Spanish language article on MEDOW appears in <a href=\"https:\/\/www.smartgridsinfo.es\/noticias\/el-proyecto-medow-planea-construir-una-supergrid-paneuropea\" target=\"_blank\">SmartGridsInfo<\/a>, a leading online platform for news and updates from the world of smart electric grids and networks<\/p>\n<p><strong>January 2015<\/strong><br \/>\nAn article about MEDOW appears on the European Commission&#8217;s <a href=\"\/\/cordis.europa.eu\/news\/rcn\/122208_en.html\" target=\"_blank\">CORDIS<\/a> (<span class=\"st\">Community Research and Development Information Service<\/span>) website.\u00a0 CORDIS is the European Commission&#8217;s primary public repository and portal to disseminate information on all EU-funded research projects and their results.<\/p>\n<p>The article was the disseminated in German language website <a href=\"http:\/\/www.access2grid.de\/news\/medow-superstromnetz-soll-offshore-windstrom-ganz-europa-verteilen\" target=\"_blank\">Access2grid.de<\/a> on 20\/01\/2015 and\u00a0 in <a href=\"http:\/\/www.pddnet.com\/news\/2015\/01\/super-grid-disperse-wind-power-across-europe\" target=\"_blank\">Product Design and Development<\/a> magazine&#8217;s website on 01\/02\/2015<\/p>\n<p><strong>December 2014<\/strong><br \/>\nA press release about MEDOW and the new collaborative <a href=\"http:\/\/www.cardiff.ac.uk\/news\/articles\/a-winning-partnership-13543.html\" target=\"_blank\">partnership<\/a> between KU Leuven and Cardiff University was issued on Thursday 4 December and has been published widely:<\/p>\n<p><strong>28\/12\/2014:<\/strong> UK manufacturing journal <a href=\"http:\/\/www.machinery-market.co.uk\/news\/8828\/Cardiff-University-in-wind-power-project\" target=\"_blank\">Machinery Market<\/a> runs a story about MEDOW&#8217;s aims and objectives.<\/p>\n<p><strong>18\/12\/2014: <\/strong>&#8216;cleantech&#8217; website <a href=\"http:\/\/cleantechnica.com\/2014\/12\/18\/medow-looks-develop-european-wind-super-grid\/\" target=\"_blank\">CleanTechnica<\/a> has an article about MEDOW which focusses on the end result which we hope our research will contriubute to: a European Supergrid<\/p>\n<p><strong>18\/12\/2014:<\/strong> a Spanish language article on MEDOW appears in <a href=\"http:\/\/elperiodicodelaenergia.com\/europa-quiere-crear-una-gran-red-de-energia-eolica-para-2017\/\" target=\"_blank\">Elperi\u00f3dicodelaenerg\u00eda.com<\/a>, which is an online newspaper specialising in energy news.<\/p>\n<p><strong>17\/12\/2014:<\/strong> <a href=\"http:\/\/phys.org\/news\/2014-12-reliable-super-grid-europe.html\" target=\"_blank\">Phys.org<\/a> is a leading web-based science, research and technology news service which covers a full range of topics. Launched in 2004, Phys.org\u2019s readership has grown steadily to include 1.75 million scientists, researchers, and engineers every month.\u00a0 They have published an article on MEDOW in the context of wind power in Europe.<\/p>\n<p><strong>17\/12\/2014:<\/strong> an Italian language article on MEDOW appears in <a href=\"http:\/\/www.greenreport.it\/news\/energia\/super-rete-eolica-affidabile-per-leuropa-ci-provano-i-giovani-progetto-medow\/#prettyPhoto\" target=\"_blank\">greenreport.it<\/a>.\u00a0 Articles which are not in English help us to reach a wider audience!<\/p>\n<p><strong>16\/12\/2014:<\/strong> <a href=\"http:\/\/www.renewableenergymagazine.com\/article\/cardiff-university-researchers-aim-to-develop-eu-20141216\" target=\"_blank\">Renewable Energy Magazine<\/a> publishes a story about MEDOW on its website.<\/p>\n<p><strong>11\/12\/2014:<\/strong> MEDOW features in the <a href=\"http:\/\/www.efficientenergy.net\/n\/104832.htm\" target=\"_blank\">Efficient Energy December 2014 newsletter<\/a>. EfficientEnergy.net is a website that provides energy professionals with up-to-date news and information on a range of energy-related topics, components, equipment, materials and services.<\/p>\n<p><strong>11\/12\/2014:<\/strong> recruitment company <a href=\"http:\/\/blog.shirleyparsons.com\/energy\/researchers-working-on-energy-supergrid\/801765504\" target=\"_blank\">Shirley Parsons Associates<\/a> posts a story about MEDOW on its website.<\/p>\n<p><strong>09\/12\/2014:<\/strong> an article appears in <a href=\"http:\/\/www.newswales.co.uk\/index.cfm?section=Education&amp;F=1&amp;id=28173\" target=\"_blank\">News Wales<\/a> whose audience is the general public in Wales.\u00a0 This is a really good way to let people outside the research community know about the project and its aims.<\/p>\n<p><strong>09\/12\/2014:<\/strong> MEDOW features in the <a href=\"http:\/\/www.smartenergyjournal.com\/about\/\" target=\"_blank\">Smart Energy Journal<\/a>, an online journal which collects the latest news from across the energy industry.<\/p>\n<p><strong>09\/12\/2014:\u00a0<\/strong>the MEDOW press release has also been picked up by <a href=\"http:\/\/www.ems-sigma.co.uk\/news\/Cardiff-Uni-working-super-grid-Wind-Power-for-Europehttp:\/\/\" target=\"_blank\">EMS Recruitment<\/a>.\u00a0 This will bring the story to audiences in the manufacturing industry.<\/p>\n<p><strong>08\/12\/2014:<\/strong> a news item appears on the <a href=\"http:\/\/www.cardiff.ac.uk\/news\/view\/68295-engineers-aim-to-develop-eu-super-grid-for-sharing-wind-power\" target=\"_blank\">Cardiff University website<\/a>.\u00a0 It highlights the meeting in Cardiff of academic and research management staff from across Europe under the umbrella of the Vision2020 network which aims to facilitate collaboration in EU Horizon2020-funded projects. MEDOW PI Jun Liang can be seen in the photo!<\/p>\n<p><strong>08\/12\/2014:<\/strong> a story appears on the <a href=\"http:\/\/www.energylivenews.com\/2014\/12\/08\/super-grid-could-share-renewable-energy-around-the-eu\/\" target=\"_blank\">Energy Live News<\/a> website. ELN is a leading dedicated energy news site in the UK.\u00a0 It aims to make energy issues easy to understand to both the b2b (business-to-business) sector and the casual reader.<\/p>\n<p><strong>08\/12\/2014:<\/strong> MEDOW appears in an article on wind power on <a href=\"http:\/\/www.edie.net\/news\/6\/Scotland-wind-power-generation-renewable-energy-statistics-2015\/\" target=\"_blank\">Edie.net<\/a>, a market-leading information resource driving sustainability in business.\u00a0 This helps bring the work of MEDOW\u00a0 to the attention of companies which might be able to use and exploit our results.<\/p>\n<p><strong>08\/12\/2014:<\/strong> <a href=\"http:\/\/renewables.seenews.com\/news\/researchers-work-on-pan-european-dc-grid-for-offshore-wind-452689\" target=\"_blank\">SeeNews: Renewables<\/a> has also published a short article on MEDOW.<\/p>\n<p><strong>08\/12\/2014:<\/strong> the press release has been picked up by recruitment company <a href=\"http:\/\/www.capitaresourcing.co.uk\/news\/cardiff-university-developing-super-grid-for-offshore-wind-farms-news-15939\" target=\"_blank\">Capita Resourcing<\/a>, which has published a story about the project on its website.<\/p>\n<p><strong>07\/12\/2014: <\/strong>an article on MEDOW appears in <a href=\"http:\/\/www.walesonline.co.uk\/business\/business-news\/cardiff-univesity-european-super-grid-8242859\" target=\"_blank\">Wales Online<\/a>\u00a0 whose audience is the general public in Wales and the rest of the UK.\u00a0 This article also highlights the partnership between Cardiff University and KU Leuven as well as pointing out the role that offshore wind power will be able to play in Europe&#8217;s future.<\/p>\n<p>A version of the article also appears in the print version of the news paper on 10 December 2014.<\/p>\n<p><strong>07\/12\/2014:<\/strong> the website of the <a href=\"http:\/\/news.all-energy.co.uk\/super-grid-project-takes-off\/\" target=\"_blank\">All Energy Conference<\/a> publishes a short notice about MEDOW.<\/p>\n<p><strong>05\/12\/2014:\u00a0<\/strong>a news story about MEDOW, wind power and the benefits of collaboration appears on the <a href=\"https:\/\/www.offshorewind.biz\/2014\/12\/05\/researchers-to-develop-super-grid-for-sharing-wind-power\/\" target=\"_blank\">OffshoreWind<\/a> website.\u00a0 This website delivers news and coverage of the industry sectors involved in offshore wind power.\u00a0 This includes news and updates on wind farms, projects, markets, vessels, equipment, turbines, research, contractors and the authorities dominating these markets.<\/p>\n<p><strong>05\/12\/2014:<\/strong> a short post about MEDOW appears on <a href=\"http:\/\/www.renewanews.com\/researchers-to-develop-super-grid-for-sharing-wind-power\/\" target=\"_blank\">RenewANews.com<\/a>, a US renewable energy news website and on <a href=\"http:\/\/www.rechargenews.com\/wind\/1385903\/UK-Belgium-research-teams-aim-for-offshore-wind-grid-boost\" target=\"_blank\">RechargeNews.com<\/a>.\u00a0 This helps to communicate MEDOW outside of Europe.<\/p>\n<p><strong>05\/12\/2014: <\/strong>an article on MEDOW appears in the\u00a0 renewable energy news-site <a href=\"http:\/\/renews.biz\/80439\/super-grid-project-takes-off\/\" target=\"_blank\">reNews<\/a>.\u00a0 reNews is an \u201celectronic newspaper\u201d and real time news website tracking the renewable energy market.\u00a0 Its audience includes utilities, developers, contractors, consultancies, government bodies, NGO\u2019s, turbine manufacturers, marine technology companies and those in the services industry.\u00a0 The piece highlights the long-term collaborative partnership between MEDOW partners Cardiff University and KU Leuven which the two institutions formally agreed earlier this Autumn.<\/p>\n<p>&nbsp;<\/p>\n<p><strong>November 2014<\/strong><br \/>\nMEDOW now appears on the European Commission&#8217;s <a href=\"http:\/\/setis.ec.europa.eu\/energy-research\/project\/multi-terminal-dc-grid-offshore-wind\" target=\"_blank\">Energy Research Knowledge Centre<\/a>&#8216;s database of energy research projects.\u00a0 This will allow:<br \/>\n&#8211; other research networks and groups to access details about our work;<br \/>\n&#8211; the European public to see how their taxes fund research into energy and how MEDOW fits into the wider portfolio of energy research in Europe.<\/p>\n<p>The Energy Research Knowledge Centre (ERKC) is offered by the Strategic Energy Technology Information System (SETIS), the body which leads the implementation of\u00a0 the European Strategic Energy Technology Plan (SET-Plan).<\/p>\n<p>The SET-Plan is the EU&#8217;s strategic plan\u00a0 to accelerate the development and deployment of cost-effective low carbon technologies. The plan comprises measures relating to planning, implementation, resources and international cooperation in the field of energy technology.<\/p>\n<p><a href=\"http:\/\/setis.ec.europa.eu\/energy-research\/\" target=\"_blank\">ERKC homepage<\/a><\/p>\n<p><a href=\"http:\/\/setis.ec.europa.eu\/\" target=\"_blank\">SETIS homepage<\/a><\/p>\n<p><a href=\"http:\/\/ec.europa.eu\/energy\/technology\/set_plan\/set_plan_en.htm\" target=\"_blank\">SET-plan homepage<\/a><\/p>\n<p><strong>October 2014, Porto<\/strong><br \/>\n&#8216;MEDOW In One Minute&#8217; is a short film about the project and life as a Marie Curie fellow.\u00a0 The film was made by our colleagues at Universidade do Porto and stars the MEDOW Early Stage Researchers!<\/p>\n<span class=\"embed-youtube\" style=\"text-align:center; display: block;\"><iframe loading=\"lazy\" class=\"youtube-player\" width=\"560\" height=\"315\" src=\"https:\/\/www.youtube.com\/embed\/g0zMzAv3dmQ?version=3&#038;rel=1&#038;showsearch=0&#038;showinfo=1&#038;iv_load_policy=1&#038;fs=1&#038;hl=en-US&#038;autohide=2&#038;wmode=transparent\" allowfullscreen=\"true\" style=\"border:0;\" sandbox=\"allow-scripts allow-same-origin allow-popups allow-presentation allow-popups-to-escape-sandbox\"><\/iframe><\/span>\n<p>&nbsp;<\/p>\n<p><strong>September 2014, India<\/strong><br \/>\nThe MEDOW project and its ESR Mohammad Meraj Alam are featured in the national newspaper of India, <a href=\"http:\/\/sites.cardiff.ac.uk\/medow\/files\/2014\/09\/newspaper-times-of-india.jpg\" target=\"_blank\">The Times of India<\/a>.\u00a0 This newspaper has an extremely large and varied audience in India and beyond, including the general public.<\/p>\n<p><strong>September 2014, India<\/strong><br \/>\nFeature on the MEDOW project and its ESR Mohammad Meraj Alam in the <a href=\"http:\/\/sites.cardiff.ac.uk\/medow\/files\/2014\/09\/newspaper-hindustan-times.jpg\" target=\"_blank\">Hindustan Times<\/a>, which has a large readership in India.<\/p>\n<p><strong>September 2014, India<\/strong><br \/>\nESR Mohammad Meraj Alam&#8217;s work in the MEDOW project is highlighted in the news bulletin of his former university, <a href=\"http:\/\/www.amu.ac.in\/about3.jsp?did=8449\" target=\"_blank\">Aligarh Muslim University<\/a>, and on the website of the <a href=\"http:\/\/twocircles.net\/2014sep04\/1409791020.html#.VA3nI_ldV8F\" target=\"_blank\">Two Circles<\/a> network.\u00a0 The audience of these two sites includes research staff and students as well as members of the public.<\/p>\n<p><strong>March 2014, Europe<\/strong><br \/>\nArticle on MEDOW in the\u00a0<a href=\"http:\/\/sites.cardiff.ac.uk\/medow\/files\/2014\/04\/VSC-HVDC-Newsletter.pdf\" target=\"_blank\">VSC-HVDC Newsletter<\/a>, volume 2, issue 3, March 2014.\u00a0 The newsletter is produced by the University of Manchester in association with SuperGen Wind and Supergen HubNet (full newsletter not available for copyright reasons).\u00a0 The newsletter&#8217;s audience is based in the research community.<\/p>\n<p><strong>March 2014, Cardiff, UK<br \/>\n<\/strong><span style=\"text-decoration: underline\">Project leader Dr Jun Liang talks about MEDOW to the national newspaper of Wales<\/span><br \/>\n<a href=\"http:\/\/www.engin.cf.ac.uk\/whoswho\/profile.asp?RecordNo=623&amp;Go.x=25&amp;Go.y=12\" target=\"_blank\">Dr Liang<\/a> is taking part in the Welsh Crucible 2014, a programme of personal, professional and leadership development for the future research leaders of Wales. The programme supports research-inspired innovation and cross-disciplinary collaboration in Wales.\u00a0 You can see Dr Liang&#8217;s statement to The Western Mail about his research work in power systems and HVDC <a href=\"http:\/\/www.walesonline.co.uk\/news\/health\/welsh-crucible----looking-6779777\" target=\"_blank\">here<\/a>.\u00a0 The article about Dr Liang is accessible to a wide range of audiences.<\/p>\n<p><strong>Spring 2014<\/strong><br \/>\nMEDOW is mentioned in the International Energy Agency&#8217;s\u00a0 <a href=\"https:\/\/www.ieawind.org\/annual_reports_PDF\/2013\/EC.pdf\" target=\"_blank\">2013 Annual Report on Wind (IEA Wind)<\/a> as an example of European investment in wind power innovation<\/p>\n","protected":false},"excerpt":{"rendered":"<p>01 June 2017 MEDOW appears on the European Commission&#8217;s CORDIS research news site for a second time and gets more media coverage via the Electronic Specifier. February 2017 MEDOW appears for a third time in Spanish language Smart Grids Info\u00a0in the article\u00a0MEDOW, investigaci\u00f3n de super-grids para energ\u00eda e\u00f3lica marina. November 2016 A story on MEDOW<\/p>\n","protected":false},"author":110,"featured_media":0,"parent":25,"menu_order":8,"comment_status":"closed","ping_status":"open","template":"","meta":{"jetpack_post_was_ever_published":false,"footnotes":""},"class_list":["post-230","page","type-page","status-publish","hentry"],"jetpack_shortlink":"https:\/\/wp.me\/P41kOo-3I","jetpack_sharing_enabled":true,"meta_box":[],"_links":{"self":[{"href":"https:\/\/sites.cardiff.ac.uk\/medow\/wp-json\/wp\/v2\/pages\/230","targetHints":{"allow":["GET"]}}],"collection":[{"href":"https:\/\/sites.cardiff.ac.uk\/medow\/wp-json\/wp\/v2\/pages"}],"about":[{"href":"https:\/\/sites.cardiff.ac.uk\/medow\/wp-json\/wp\/v2\/types\/page"}],"author":[{"embeddable":true,"href":"https:\/\/sites.cardiff.ac.uk\/medow\/wp-json\/wp\/v2\/users\/110"}],"replies":[{"embeddable":true,"href":"https:\/\/sites.cardiff.ac.uk\/medow\/wp-json\/wp\/v2\/comments?post=230"}],"version-history":[{"count":59,"href":"https:\/\/sites.cardiff.ac.uk\/medow\/wp-json\/wp\/v2\/pages\/230\/revisions"}],"predecessor-version":[{"id":2186,"href":"https:\/\/sites.cardiff.ac.uk\/medow\/wp-json\/wp\/v2\/pages\/230\/revisions\/2186"}],"up":[{"embeddable":true,"href":"https:\/\/sites.cardiff.ac.uk\/medow\/wp-json\/wp\/v2\/pages\/25"}],"wp:attachment":[{"href":"https:\/\/sites.cardiff.ac.uk\/medow\/wp-json\/wp\/v2\/media?parent=230"}],"curies":[{"name":"wp","href":"https:\/\/api.w.org\/{rel}","templated":true}]}}