{"id":1280,"date":"2024-02-02T11:40:47","date_gmt":"2024-02-02T11:40:47","guid":{"rendered":"https:\/\/sites.cardiff.ac.uk\/programme-approval-and-revalidation\/?page_id=1280"},"modified":"2026-03-02T10:03:18","modified_gmt":"2026-03-02T10:03:18","slug":"mapiau-priodoledd-i-raddedigion-attribute-maps-for-graduates","status":"publish","type":"page","link":"https:\/\/sites.cardiff.ac.uk\/programme-approval-and-revalidation\/cy\/cymeradwyo-ac-ail-ddilysu-rhaglenni-program-approval-and-revalidation\/mapiau-priodoledd-i-raddedigion-attribute-maps-for-graduates\/","title":{"rendered":"Map Rhinweddau Graddedigion"},"content":{"rendered":"<p>Yn dilyn cymeradwyaeth y rhaglen, bydd Dyfodol Myfyrwyr yn parhau i weithio gyda chi i gynhyrchu Map Rhinweddau Graddedigion sy&#8217;n wynebu myfyrwyr. Mae&#8217;r Mapiau hyn yn cael eu datblygu ar wefan ryngweithiol wedi&#8217;i theilwra i&#8217;ch rhaglen ac wedi&#8217;u cynllunio i dynnu sylw at fyfyrwyr presennol yn benodol sut y gallant ddatblygu pob priodoledd trwy weithgareddau cwricwlaidd ac allgyrsiol.<\/p>\n<h5>Edrychwch ar ein Templed Map Rhinweddau Graddedigion trwy&#8217;r botwm isod.<\/h5>\n<p><a class=\"btn btn-primary mb-4\" href=\"https:\/\/sites.cardiff.ac.uk\/ga-mapping-template\/cy\/\" target=\"_blank\" rel=\"noopener\">Templed Map Rhinweddau Graddedigion<\/a><\/p>\n<p>Gellir defnyddio Map Rhinweddau Graddedigion fel offeryn hyrwyddo i ddarpar fyfyrwyr mewn Diwrnodau Agored a gallant hefyd gael eu defnyddio gan Diwtoriaid Personol i gefnogi trafodaethau sy&#8217;n gysylltiedig \u00e2 gyrfa gyda myfyrwyr a&#8217;u cyfeirio at y gwasanaethau mwyaf perthnasol.<\/p>\n<p>Bydd eich Map Rhinweddau Graddedigionyn cynnwys y wybodaeth ganlynol:<br \/>\n<div class=\"accordion accordion-accessible\"><div class=\"accordion-section\">\n        <h2 class=\"accordion-section-header-title collapsed\" data-toggle=\"collapse\" href=\"#content-graduate-attribute-map-pages-1\"\n        aria-expanded=\"false\"><svg class=\"icon icon-chevron-right\" xmlns=\"http:\/\/www.w3.org\/2000\/svg\" viewBox=\"0 0 19.75 32\">\n    <title>Chevron right<\/title>\n    <path d=\"M6.13,28.28L18.41,16,6.13,3.72,9.84,0l16,16-16,16Z\" transform=\"translate(-6.13 0)\"><\/path>\n<\/svg> Introducing the Graduate Attributes <\/h2> <div class=\"accordion-section-body collapse \" id=\"content-graduate-attribute-map-pages-1\"><p>This page provides a basic overview of the 6 Graduate Attributes and their sub-attributes.<\/p>\n<\/div> <\/div><div class=\"accordion-section\">\n        <h2 class=\"accordion-section-header-title collapsed\" data-toggle=\"collapse\" href=\"#content-graduate-attribute-map-pages-2\"\n        aria-expanded=\"false\"><svg class=\"icon icon-chevron-right\" xmlns=\"http:\/\/www.w3.org\/2000\/svg\" viewBox=\"0 0 19.75 32\">\n    <title>Chevron right<\/title>\n    <path d=\"M6.13,28.28L18.41,16,6.13,3.72,9.84,0l16,16-16,16Z\" transform=\"translate(-6.13 0)\"><\/path>\n<\/svg> On Your Course <\/h2> <div class=\"accordion-section-body collapse \" id=\"content-graduate-attribute-map-pages-2\"><p>Opportunities to develop the Graduate Attributes will vary from module to module, depending on the teaching, practise and assessments that feature within them.<\/p>\n<p>A complete list of modules that feature on the programme are listed on this page. Each module when selected reveals what Graduate Attributes are present within the module studies and or assessment.<\/p>\n<\/div> <\/div><div class=\"accordion-section\">\n        <h2 class=\"accordion-section-header-title collapsed\" data-toggle=\"collapse\" href=\"#content-graduate-attribute-map-pages-3\"\n        aria-expanded=\"false\"><svg class=\"icon icon-chevron-right\" xmlns=\"http:\/\/www.w3.org\/2000\/svg\" viewBox=\"0 0 19.75 32\">\n    <title>Chevron right<\/title>\n    <path d=\"M6.13,28.28L18.41,16,6.13,3.72,9.84,0l16,16-16,16Z\" transform=\"translate(-6.13 0)\"><\/path>\n<\/svg> Subject Specific Accreditation<\/h2> <div class=\"accordion-section-body collapse \" id=\"content-graduate-attribute-map-pages-3\"><p>If the programme of study has been developed in accordance with any Professional, Statutory and Regulatory Bodies (PSRBs) they will be listed in this section.<\/p>\n<p>Students can see what skills they <strong><em>must<\/em><\/strong> develop during their study which are set and regulated by those PSRB\u2019s to ensure their education is reflective of practice conducted in industry and that the content of study is fit for purpose.<\/p>\n<\/div> <\/div><div class=\"accordion-section\">\n        <h2 class=\"accordion-section-header-title collapsed\" data-toggle=\"collapse\" href=\"#content-graduate-attribute-map-pages-4\"\n        aria-expanded=\"false\"><svg class=\"icon icon-chevron-right\" xmlns=\"http:\/\/www.w3.org\/2000\/svg\" viewBox=\"0 0 19.75 32\">\n    <title>Chevron right<\/title>\n    <path d=\"M6.13,28.28L18.41,16,6.13,3.72,9.84,0l16,16-16,16Z\" transform=\"translate(-6.13 0)\"><\/path>\n<\/svg> Student Futures Services<\/h2> <div class=\"accordion-section-body collapse \" id=\"content-graduate-attribute-map-pages-4\"><p>A list and links to the relevant Student Futures resources that will support their employability opportunities during their studies and up to 3 years after graduation.<\/p>\n<\/div> <\/div><\/div><\/p>\n<p>Ar \u00f4l cymeradwyo, bydd eich Partner Busnes yn eich cysylltu \u00e2&#8217;n t\u00eem Adnoddau Dysgu a fydd yn eich cefnogi drwy&#8217;r broses ddatblygu Map Priodoleddau Graddedigion.<\/p>\n","protected":false},"excerpt":{"rendered":"Datblygu gwefan ryngweithiol i ddangos sut y gall myfyrwyr ddatblygu sgiliau a phriodoleddau ar eich rhaglen a thrwy weithgareddau allgyrsiol.","protected":false},"author":9375,"featured_media":1249,"parent":1272,"menu_order":3,"comment_status":"closed","ping_status":"closed","template":"","meta":{"footnotes":""},"categories":[],"tags":[],"class_list":["post-1280","page","type-page","status-publish","has-post-thumbnail","hentry"],"meta_box":{"cu_accordion":"","cu_alert":"","cu_carousel":"","cu_tabs":"","cu_quote":""},"_links":{"self":[{"href":"https:\/\/sites.cardiff.ac.uk\/programme-approval-and-revalidation\/wp-json\/wp\/v2\/pages\/1280","targetHints":{"allow":["GET"]}}],"collection":[{"href":"https:\/\/sites.cardiff.ac.uk\/programme-approval-and-revalidation\/wp-json\/wp\/v2\/pages"}],"about":[{"href":"https:\/\/sites.cardiff.ac.uk\/programme-approval-and-revalidation\/wp-json\/wp\/v2\/types\/page"}],"author":[{"embeddable":true,"href":"https:\/\/sites.cardiff.ac.uk\/programme-approval-and-revalidation\/wp-json\/wp\/v2\/users\/9375"}],"replies":[{"embeddable":true,"href":"https:\/\/sites.cardiff.ac.uk\/programme-approval-and-revalidation\/wp-json\/wp\/v2\/comments?post=1280"}],"version-history":[{"count":15,"href":"https:\/\/sites.cardiff.ac.uk\/programme-approval-and-revalidation\/wp-json\/wp\/v2\/pages\/1280\/revisions"}],"predecessor-version":[{"id":1690,"href":"https:\/\/sites.cardiff.ac.uk\/programme-approval-and-revalidation\/wp-json\/wp\/v2\/pages\/1280\/revisions\/1690"}],"up":[{"embeddable":true,"href":"https:\/\/sites.cardiff.ac.uk\/programme-approval-and-revalidation\/wp-json\/wp\/v2\/pages\/1272"}],"wp:featuredmedia":[{"embeddable":true,"href":"https:\/\/sites.cardiff.ac.uk\/programme-approval-and-revalidation\/wp-json\/wp\/v2\/media\/1249"}],"wp:attachment":[{"href":"https:\/\/sites.cardiff.ac.uk\/programme-approval-and-revalidation\/wp-json\/wp\/v2\/media?parent=1280"}],"wp:term":[{"taxonomy":"category","embeddable":true,"href":"https:\/\/sites.cardiff.ac.uk\/programme-approval-and-revalidation\/wp-json\/wp\/v2\/categories?post=1280"},{"taxonomy":"post_tag","embeddable":true,"href":"https:\/\/sites.cardiff.ac.uk\/programme-approval-and-revalidation\/wp-json\/wp\/v2\/tags?post=1280"}],"curies":[{"name":"wp","href":"https:\/\/api.w.org\/{rel}","templated":true}]}}