{"id":1224,"date":"2024-02-02T16:54:16","date_gmt":"2024-02-02T16:54:16","guid":{"rendered":"https:\/\/sites.cardiff.ac.uk\/futures-online\/?page_id=1224"},"modified":"2024-08-27T16:52:40","modified_gmt":"2024-08-27T15:52:40","slug":"datblygu-hunanymwybyddiaeth","status":"publish","type":"page","link":"https:\/\/sites.cardiff.ac.uk\/studentfuturesplus\/cy\/welcome-cymraeg\/career-planning-2\/datblygu-hunanymwybyddiaeth\/","title":{"rendered":"Datblygu hunanymwybyddiaeth"},"content":{"rendered":"<p>Wrth galon cynllunio gyrfa mae deall eich cryfderau, eich gwerthoedd a\u2019ch cymhellion \u2013 eich hunanymwybyddiaeth yw\u2019r enw ar hyn. Yn y pen draw, rydych chi&#8217;n mynd i fod yn fwy bodlon mewn swydd sy&#8217;n defnyddio&#8217;ch cryfderau a&#8217;ch sgiliau, yn adlewyrchu&#8217;ch gwerthoedd ac yn darparu amgylchedd gwaith y byddwch chi&#8217;n ei fwynhau ac yn ffynnu ynddo.<\/p>\n<p>Bydd y strategaethau isod yn eich helpu i ddatblygu persbectif clir ar bwy rydych chi a pha fath o yrfa fydd yn addas i chi.<br \/>\n<div class=\"accordion accordion-accessible\"><div class=\"accordion-section\">\n        <h2 class=\"accordion-section-header-title collapsed\" data-toggle=\"collapse\" href=\"#content-what-careers-would-suit-me-cy-1\"\n        aria-expanded=\"false\"><svg class=\"icon icon-chevron-right\" xmlns=\"http:\/\/www.w3.org\/2000\/svg\" viewBox=\"0 0 19.75 32\">\n    <title>Chevron right<\/title>\n    <path d=\"M6.13,28.28L18.41,16,6.13,3.72,9.84,0l16,16-16,16Z\" transform=\"translate(-6.13 0)\"><\/path>\n<\/svg> Cymerwch gwis ar-lein<\/h2> <div class=\"accordion-section-body collapse \" id=\"content-what-careers-would-suit-me-cy-1\"><p>Lle hwyliog a diddorol i ddechrau yw cwblhau cwis proffilio ar-lein. Yn y b\u00f4n, rydych chi'n ateb nifer o gwestiynau amdanoch chi ac mae'r algorithmau clyfar yn y cefndir yn helpu i ddarparu rhai llwybrau gyrfa posibl a allai weddu i'ch personoliaeth ac i'ch cymhellion.<br \/>\nIsod mae rhai y byddem yn argymell arbrofi \u00e2 nhw. Maent i gyd am ddim ac nid ydynt yn cymryd llawer o amser i'w cwblhau.<\/p>\n<ul>\n<li><a href=\"https:\/\/www.graduatesfirst.com\/university-career-services\/cardiff\" target=\"_blank\" rel=\"noopener\">Holiadur Personoliaeth Gwaith ar Graduates First<\/a> - gall myfyrwyr presennol Prifysgol Caerdydd gael mynediad at holiadur personoliaeth gwaith ar y platfform, Graduates First. 'Ch jyst angen i chi gofrestru gyda'ch cyfeiriad e-bost Prifysgol Caerdydd<\/li>\n<li><a href=\"https:\/\/www.16personalities.com\/\" target=\"_blank\" rel=\"noopener\">16 Personalities<\/a> \u2013 nodwch eich math o bersonoliaeth a sut y gallai hyn effeithio ar eich bywyd gwaith.<\/li>\n<li><a href=\"https:\/\/www.prospects.ac.uk\/planner\" target=\"_blank\" rel=\"noopener\">Prospects Career Planner<\/a> - yn eich paru \u00e2 swyddi sy'n seiliedig ar eich sgiliau, eich cymhellion a'ch dymuniadau.<\/li>\n<li><a href=\"https:\/\/www.123test.com\/personality-test\/\" target=\"_blank\" rel=\"noopener\">123 Personality test<\/a> a <a href=\"https:\/\/www.123test.com\/work-values-test\/\" target=\"_blank\" rel=\"noopener\">phrawf gwerthoedd gwaith<\/a> (fersiynau am ddim).<\/li>\n<\/ul>\n<p>Mae'n bwysig nodi bod y cwisiau hyn wedi'u cynllunio i gynhyrchu syniadau, nid ydynt yn wyddoniaeth fanwl gywir ac nid ydynt yn gweithio i bawb. Efallai y byddant yn eich helpu i ystyried rhai opsiynau gyrfa nad oeddech erioed wedi meddwl amdanynt o'r blaen neu'n cadarnhau eto rai o'r syniadau a oedd gennych eisoes mewn golwg.<\/p>\n<\/div> <\/div><div class=\"accordion-section\">\n        <h2 class=\"accordion-section-header-title collapsed\" data-toggle=\"collapse\" href=\"#content-what-careers-would-suit-me-cy-2\"\n        aria-expanded=\"false\"><svg class=\"icon icon-chevron-right\" xmlns=\"http:\/\/www.w3.org\/2000\/svg\" viewBox=\"0 0 19.75 32\">\n    <title>Chevron right<\/title>\n    <path d=\"M6.13,28.28L18.41,16,6.13,3.72,9.84,0l16,16-16,16Z\" transform=\"translate(-6.13 0)\"><\/path>\n<\/svg> Gofynnwch i eraill <\/h2> <div class=\"accordion-section-body collapse \" id=\"content-what-careers-would-suit-me-cy-2\"><p>Gofynnwch i bobl sy'n eich adnabod yn dda am eu barn ar eich sgiliau a'ch cryfderau. Weithiau gall bod yn anodd i ni nodi'r hyn yr ydym yn dda am ei wneud a gall cael persbectif gan bobl yr ydym yn ymddiried ynddynt fod yn ddangosydd defnyddiol o sut mae eraill yn ein gweld.<\/p>\n<p>Er enghraifft, gofynnwch i rai ffrindiau agos neu berthnasau beth yw eich tri chryfder allweddol yn eu barn nhw. Ydyn nhw'n debyg neu'n wirioneddol wahanol? Pa fath o yrfaoedd fyddai'n gweddu i'r cryfderau hynny?<\/p>\n<\/div> <\/div><div class=\"accordion-section\">\n        <h2 class=\"accordion-section-header-title collapsed\" data-toggle=\"collapse\" href=\"#content-what-careers-would-suit-me-cy-3\"\n        aria-expanded=\"false\"><svg class=\"icon icon-chevron-right\" xmlns=\"http:\/\/www.w3.org\/2000\/svg\" viewBox=\"0 0 19.75 32\">\n    <title>Chevron right<\/title>\n    <path d=\"M6.13,28.28L18.41,16,6.13,3.72,9.84,0l16,16-16,16Z\" transform=\"translate(-6.13 0)\"><\/path>\n<\/svg> Myfyrio  <\/h2> <div class=\"accordion-section-body collapse \" id=\"content-what-careers-would-suit-me-cy-3\"><p>Mae myfyrio yn sgil y gallwch ei ddatblygu trwy ymarfer. Meddyliwch am brofiadau rydych chi wedi'u cael eisoes, er enghraifft, dod i'r brifysgol, profiadau gwaith, hob\u00efau, swyddi rhan amser, teithio. Beth rydych chi wedi'i fwynhau, a pham? Beth nad ydych wedi\u2019i fwynhau gymaint? Cofiwch eich bod yn newid drwy'r amser, mewn ymateb i brofiadau newydd, felly mae parhau i fyfyrio drwy gydol eich gyrfa yn bwysig.<\/p>\n<p>Mae myfyrio hefyd yn sgil lefel allweddol i raddedigion. Gallai cyflogwyr ofyn cwestiynau i chi mewn ffurflen gais neu mewn cyfweliad i fesur eich sgiliau myfyrio a'ch hunanymwybyddiaeth, er enghraifft 'dywedwch wrthym am adeg pan nad aeth pethau fel y'u cynlluniwyd?' neu 'beth yw eich cryfderau allweddol yn eich barn chi?'.<\/p>\n<\/div> <\/div><div class=\"accordion-section\">\n        <h2 class=\"accordion-section-header-title collapsed\" data-toggle=\"collapse\" href=\"#content-what-careers-would-suit-me-cy-4\"\n        aria-expanded=\"false\"><svg class=\"icon icon-chevron-right\" xmlns=\"http:\/\/www.w3.org\/2000\/svg\" viewBox=\"0 0 19.75 32\">\n    <title>Chevron right<\/title>\n    <path d=\"M6.13,28.28L18.41,16,6.13,3.72,9.84,0l16,16-16,16Z\" transform=\"translate(-6.13 0)\"><\/path>\n<\/svg> Ysgrifennwch eich pwyntiau gwerthu unigryw<\/h2> <div class=\"accordion-section-body collapse \" id=\"content-what-careers-would-suit-me-cy-4\"><p>Meddyliwch am yr hyn sy'n gwneud i chi sefyll allan a'r sgiliau, y rhinweddau a'r rhinweddau sydd gennych a fyddai o werth i unrhyw gyflogwr. Ysgrifennwch y rhain yn ffisegol yn rhywle ac ychwanegwch atynt dros amser. Yn aml nid ydym yn treulio digon o amser yn myfyrio ar yr hyn sy'n ein gwneud yn unigryw, ond eto gall gwybod hyn gael dylanwad mor gadarnhaol ar ein hyder a'n ffocws yn y dyfodol.<\/p>\n<\/div> <\/div><div class=\"accordion-section\">\n        <h2 class=\"accordion-section-header-title collapsed\" data-toggle=\"collapse\" href=\"#content-what-careers-would-suit-me-cy-5\"\n        aria-expanded=\"false\"><svg class=\"icon icon-chevron-right\" xmlns=\"http:\/\/www.w3.org\/2000\/svg\" viewBox=\"0 0 19.75 32\">\n    <title>Chevron right<\/title>\n    <path d=\"M6.13,28.28L18.41,16,6.13,3.72,9.84,0l16,16-16,16Z\" transform=\"translate(-6.13 0)\"><\/path>\n<\/svg> Trefnwch apwyntiad gyda Chynghorydd Gyrfaoedd<\/h2> <div class=\"accordion-section-body collapse \" id=\"content-what-careers-would-suit-me-cy-5\"><p>Gallwch drefnu apwyntiad gyrfaoedd gyda Chynghorydd Gyrfa trwy eich <a href=\"https:\/\/cardiff.targetconnect.net\/unauth\/student\/login\" target=\"_blank\" rel=\"noopener\">Cyfrif Dyfodol Myfyrwyr<\/a> i'ch helpu i ddatblygu eich hunanymwybyddiaeth. Mae Cynghorwyr Gyrfa wedi'u hyfforddi'n arbennig i ofyn cwestiynau a fydd yn eich helpu i fyfyrio ar eich sgiliau ac ar eich gwerthoedd a'r hyn rydych chi ei eisiau o'ch gyrfa.<\/p>\n<\/div> <\/div><\/div><\/p>\n<h4>Sut mae eich gwerthoedd yn effeithio ar eich gyrfa<\/h4>\n<p>Mae eich gwerthoedd yn elfennau o&#8217;ch bywyd sy&#8217;n bwysig i chi\u2019n bersonol. Maen nhw\u2019n gredoau craidd sy\u2019n ganllaw i chi ar sut i fyw eich bywyd mewn ffordd sy\u2019n ystyrlon ac yn foddhaol i chi. Maen nhw\u2019n aml yn cael eu hanwybyddu wrth gynllunio gyrfa ond bydd gwybod pa ffactorau gwaith sy&#8217;n werthfawr i chi yn eich helpu i ddod o hyd i waith rydych chi\u2019n ei fwynhau. Gall cydnabod a deall gwerthoedd eich hun lywio eich dewisiadau gyrfa yn y dyfodol.<\/p>\n<p><strong>Nodi eich gwerthoedd craidd<\/strong><\/p>\n<p>I nodi eich gwerthoedd craidd, adolygwch y rhestr isod a chanolbwyntio ar chwech i ddeg o werthoedd cyffredin sy\u2019n bwysig i chi. Efallai y byddwch chi hefyd yn ceisio eu rhestru ar raddfa o bwysigrwydd o un i ddeg.<\/p>\n<div class=\"well\">Gall gwerthoedd cyffredin gynnwys: Uniondeb, Parch, Rhagoriaeth, Gwaith T\u00eem, Hyblygrwydd, Grymuso, Cynaliadwyedd, Dysgu, Cyfrifoldeb, Ymddiriedaeth, Cynwysoldeb, Atebolrwydd, Gonestrwydd, Tosturi, Empathi, Cydraddoldeb, Arloesi, Diolchgarwch, Amynedd, Goddefgarwch, Caredigrwydd, Annibyniaeth, Cydbwysedd, Haelioni, Positifrwydd, Dyfeisgarwch, Hunanddisgyblaeth, Undod, Dilysrwydd, Pwrpas, Cysondeb, Cyfiawnder, Ymwybyddiaeth Ofalgar, Symlrwydd, Antur, Gofal, Gwydnwch, Doethineb.<\/div>\n<p>Mae&#8217;n syniad da nodi&#8217;r gwerthoedd sy&#8217;n &#8216;rhaid eu cael&#8217; neu&#8217;n &#8216;rhaid peidio \u00e2\u2019u cael&#8217;. Mae\u2019r gwerthoedd hyn yn rhai nad ydyn nhw\u2019n agored i drafodaeth &#8211; gallen nhw fod y ffactor sy\u2019n penderfynu a ydych chi\u2019n derbyn swydd, yn aros mewn swydd neu&#8217;n gadael swydd.<\/p>\n<p><strong>Angorau gyrfa<\/strong><\/p>\n<p>Mae angor gyrfa, sef cysyniad gan Edgar Schein, yn gwmpawd mewnol sy&#8217;n llywio eich penderfyniadau gyrfa. Maen nhw\u2019n adlewyrchu eich gwir gymhellion a gwerthoedd ac yn bethau na fyddwch chi\u2019n eu haberthu, hyd yn oed pan fyddwch chi\u2019n wynebu dewisiadau anodd. Mae eich gwerthoedd yn debygol o alinio ag un neu ddwy o\u2019r wyth thema sydd wedi\u2019u cynnwys yn yr angorau gyrfa:<\/p>\n<ul>\n<li>Cymhwysedd technegol\/swyddogaethol &#8211; arbenigedd ac arbenigo<\/li>\n<li>Cymhwysedd rheoli cyffredinol &#8211; datrys problemau a rheoli eraill<\/li>\n<li>Ymreolaeth\/annibyniaeth &#8211; gweithio o dan eich rheolau eich hun ac ar eich cyflymder eich hun<\/li>\n<li>Diogelwch\/sefydlogrwydd &#8211; ceisio gwaith sefydlog, rhagweladwy<\/li>\n<li>Creadigrwydd entrepreneuraidd &#8211; creu cynhyrchion neu wasanaethau newydd<\/li>\n<li>Gwasanaeth\/ymroddiad i achos &#8211; gwneud gwahaniaeth a helpu eraill<\/li>\n<li>Yr her &#8211; ceisio ysgogiad cyson a goresgyn rhwystrau<\/li>\n<li>Ffordd o fyw &#8211; integreiddio gyrfa gyda bywyd personol a cheisio hyblygrwydd<\/li>\n<\/ul>\n<p>Myfyriwch ar eich profiadau, eich sgiliau a&#8217;ch cymwyseddau, yn ogystal \u00e2&#8217;ch gwerthoedd, er mwyn nodi angorau eich gyrfa. Gallwch chi hefyd <a href=\"https:\/\/blocksurvey.io\/templates\/self-assessments\/schein-career-anchors-test\" target=\"_blank\" rel=\"noopener\">sefyll prawf ar-lein i&#8217;ch helpu<\/a>.<\/p>\n<p>Os gwelwch chi nad yw eich gyrfa yn cyd-fynd \u00e2&#8217;ch gwerthoedd, mae&#8217;n bwysig nodi pa werth sydd ar goll o&#8217;ch r\u00f4l bresennol ac ystyried sut y gallech chi addasu eich r\u00f4l bresennol i gynnwys neu ymgorffori&#8217;r gwerthoedd sydd bwysicaf i chi.<\/p>\n \n\n                        <div class=\"alert alert-purple with-icon \">        \n                            <div class=\"alert-icon\">\n                    <svg class=\"icon\" xmlns=\"http:\/\/www.w3.org\/2000\/svg\" xmlns:xlink=\"http:\/\/www.w3.org\/1999\/xlink\" viewBox=\"0 0 196 148\" shape-rendering=\"geometricPrecision\" text-rendering=\"geometricPrecision\"><g clip-rule=\"evenodd\"><path d=\"M37.5,-0.5c44,0,88,0,132,0c.283.78913.783,1.455796,1.5,2c.667,44,.667,88,0,132-10.418.987-20.918,1.32-31.5,1c.167-26.669,0-53.3354-.5-80-31.035,30.868-61.8682,61.868-92.5,93-.6667,0-1.3333,0-2,0-6.6307-7.132-13.4641-14.132-20.5-21-.6667-.667-.6667-1.333,0-2C54.8333,93.6667,85.6667,62.8333,116.5,32c-26.6646-.5-53.3313-.6666-80-.5-.3091-10.7483.0242-21.415,1-32Z\" opacity=\"0.967\" clip-rule=\"evenodd\" fill=\"#fefffe\" fill-rule=\"evenodd\"\/><\/g><\/svg>                <\/div>\n            \n            <div class=\"alert-body\">            \n                <h3>Adnoddau pellach<\/h3>                <p>Defnyddiwch yr adnoddau isod i archwilio'r pwnc hwn ymhellach:<\/p>\n<ul>\n<li>Mae'r t\u00eem Sgiliau Academaidd a Mentora ym Mhrifysgol Caerdydd wedi cynhyrchu tiwtorial ar-lein ar <a href=\"https:\/\/xerte.cardiff.ac.uk\/play_15943#page1\" target=\"_blank\" rel=\"noopener\">feddwl ac ysgrifennu myfyrio<\/a>l<\/li>\n<li>Gwefan <a href=\"https:\/\/www.mindtools.com\/af694e5\/scheins-career-anchors\" target=\"_blank\" rel=\"noopener\">MindTools trosolwg<\/a> o angorau gyrfa Edgar Schein - dyma 7 gwerth craidd neu yrrwr sy'n cymell rhywun yn y gwaith<\/li>\n<li>Gwyliwch <a href=\"https:\/\/www.youtube.com\/watch?v=fPYHNPf5XpA\" target=\"_blank\" rel=\"noopener\">fideo byr ar sut i adnabod eich 3 gwerth personol gorau<\/a><\/li>\n<\/ul>\n            <\/div>\n        <\/div> \n\n    \n","protected":false},"excerpt":{"rendered":"Datblygwch eich hunanymwybyddiaeth trwy nodi eich cryfderau, eich gwerthoedd a'ch cymhellion a'r amgylcheddau gwaith y byddech chi'n eu mwynhau fwyaf.","protected":false},"author":9375,"featured_media":783,"parent":619,"menu_order":2,"comment_status":"closed","ping_status":"closed","template":"","meta":{"footnotes":""},"categories":[],"tags":[],"class_list":["post-1224","page","type-page","status-publish","has-post-thumbnail","hentry"],"meta_box":{"cu_accordion":"","cu_alert":"","cu_carousel":"","cu_tabs":"","cu_quote":""},"_links":{"self":[{"href":"https:\/\/sites.cardiff.ac.uk\/studentfuturesplus\/wp-json\/wp\/v2\/pages\/1224","targetHints":{"allow":["GET"]}}],"collection":[{"href":"https:\/\/sites.cardiff.ac.uk\/studentfuturesplus\/wp-json\/wp\/v2\/pages"}],"about":[{"href":"https:\/\/sites.cardiff.ac.uk\/studentfuturesplus\/wp-json\/wp\/v2\/types\/page"}],"author":[{"embeddable":true,"href":"https:\/\/sites.cardiff.ac.uk\/studentfuturesplus\/wp-json\/wp\/v2\/users\/9375"}],"replies":[{"embeddable":true,"href":"https:\/\/sites.cardiff.ac.uk\/studentfuturesplus\/wp-json\/wp\/v2\/comments?post=1224"}],"version-history":[{"count":20,"href":"https:\/\/sites.cardiff.ac.uk\/studentfuturesplus\/wp-json\/wp\/v2\/pages\/1224\/revisions"}],"predecessor-version":[{"id":3050,"href":"https:\/\/sites.cardiff.ac.uk\/studentfuturesplus\/wp-json\/wp\/v2\/pages\/1224\/revisions\/3050"}],"up":[{"embeddable":true,"href":"https:\/\/sites.cardiff.ac.uk\/studentfuturesplus\/wp-json\/wp\/v2\/pages\/619"}],"wp:featuredmedia":[{"embeddable":true,"href":"https:\/\/sites.cardiff.ac.uk\/studentfuturesplus\/wp-json\/wp\/v2\/media\/783"}],"wp:attachment":[{"href":"https:\/\/sites.cardiff.ac.uk\/studentfuturesplus\/wp-json\/wp\/v2\/media?parent=1224"}],"wp:term":[{"taxonomy":"category","embeddable":true,"href":"https:\/\/sites.cardiff.ac.uk\/studentfuturesplus\/wp-json\/wp\/v2\/categories?post=1224"},{"taxonomy":"post_tag","embeddable":true,"href":"https:\/\/sites.cardiff.ac.uk\/studentfuturesplus\/wp-json\/wp\/v2\/tags?post=1224"}],"curies":[{"name":"wp","href":"https:\/\/api.w.org\/{rel}","templated":true}]}}