{"id":1293,"date":"2023-09-08T14:13:00","date_gmt":"2023-09-08T13:13:00","guid":{"rendered":"https:\/\/sites.cardiff.ac.uk\/futures-online\/?page_id=1293"},"modified":"2024-07-31T16:03:22","modified_gmt":"2024-07-31T15:03:22","slug":"penderfynu-ar-astudio-ol-raddedig-deciding-on-postgraduate-study","status":"publish","type":"page","link":"https:\/\/sites.cardiff.ac.uk\/studentfuturesplus\/cy\/astudiaeth-ol-raddedig-postgraduate-study\/penderfynu-ar-astudio-ol-raddedig-deciding-on-postgraduate-study\/","title":{"rendered":"Penderfynu ar astudiaethau pellach"},"content":{"rendered":"<p>Mae astudiaethau pellach yn opsiwn poblogaidd i lawer o fyfyrwyr ar \u00f4l eu gradd israddedig. Gallai dilyn cwrs \u00f4l-raddedig ddod \u00e2&#8217;ch swydd ddelfrydol i chi, gwella eich gwybodaeth am y pwnc neu ganiat\u00e1u ichi symud i faes gwahanol yn gyfan gwbl. Fodd bynnag, nid yw parhau \u00e2&#8217;ch addysg bob amser yn docyn aur i lwyddiant gyrfa, ac mae&#8217;n bwysig myfyrio ar y ffactorau canlynol i wneud penderfyniad gwybodus.<\/p>\n<div class=\"accordion accordion-accessible\"><div class=\"accordion-section\">\n        <h2 class=\"accordion-section-header-title collapsed\" data-toggle=\"collapse\" href=\"#content-deciding-on-postgraduate-study-cy-1\"\n        aria-expanded=\"false\"><svg class=\"icon icon-chevron-right\" xmlns=\"http:\/\/www.w3.org\/2000\/svg\" viewBox=\"0 0 19.75 32\">\n    <title>Chevron right<\/title>\n    <path d=\"M6.13,28.28L18.41,16,6.13,3.72,9.84,0l16,16-16,16Z\" transform=\"translate(-6.13 0)\"><\/path>\n<\/svg> Eich cymhellion<\/h2> <div class=\"accordion-section-body collapse \" id=\"content-deciding-on-postgraduate-study-cy-1\"><p>Mae buddsoddi amser ac arian ychwanegol mewn addysg bellach yn benderfyniad mawr. Meddyliwch yn ofalus am eich cymhellion ar gyfer ei wneud. Mae rhesymau cyffredin yn cynnwys:<\/p>\n<ul>\n<li><strong>Dilyn eich diddordeb<\/strong> \u2013 mae astudiaethau \u00f4l-raddedig yn rhoi\u2019r cyfle i chi ddysgu mwy am bwnc neu faes y mae gennych chi wir ddiddordeb ynddo neu\u2019n angerddol amdano<\/li>\n<li><strong>Gwella eich arbenigedd<\/strong> - mae symud ymlaen i astudiaethau \u00f4l-raddedig yn rhoi'r cyfle i chi ddatblygu gwybodaeth ac arbenigedd dwfn mewn pwnc penodol. Yn aml, gall datblygu arbenigedd o'r fath, yn enwedig mewn meysydd arbenigol, fod yn boblogaidd iawn yn y gweithle a darparu sicrwydd swydd rhagorol<\/li>\n<li><strong>Cwrdd \u00e2'r gofynion<\/strong> \u2013 er mwyn symud ymlaen i'ch dewis faes, efallai y bydd yn rhaid i chi ennill cymhwyster \u00f4l-raddedig. Er enghraifft, os ydych am ddod yn athro ysgol, bydd angen i chi gwblhau Tystysgrif Addysg i Raddedigion (TAR). Os ydych am ddod yn gyfreithiwr, bydd angen i chi basio'r Arholiad Cymhwyso Cyfreithwyr (SQE)<\/li>\n<li><strong>Gwella eich cyflogadwyedd<\/strong> \u2013 yn gyffredinol, gall bod \u00e2 gradd \u00f4l-raddedig wella eich rhagolygon gwaith, ond mae hyn yn dibynnu ar ba fath o yrfa y mae gennych ddiddordeb ynddi. Ar gyfer rhai rolau, gallai fod yn bwysicach i chi gael profiad gwaith perthnasol na bod \u00e2 chymhwyster ychwanegol. Defnyddiwch y proffiliau swyddi ar wefan<a href=\"https:\/\/www.prospects.ac.uk\/job-profiles\" target=\"_blank\" rel=\"noopener\"> Prospects<\/a> i weld pa gymwysterau sydd eu hangen ar gyfer r\u00f4l benodol<\/li>\n<li><strong>Symud i mewn i sector neu ddiwydiant gwahanol<\/strong> \u2013 mae cyrsiau (a elwir yn aml <a href=\"https:\/\/www.cardiff.ac.uk\/cy\/study\/postgraduate\/taught\/conversion-courses\" target=\"_blank\" rel=\"noopener\">yn gyrsiau \u2018trosi\u2019<\/a>) sy\u2019n eich galluogi i fynd i faes sy\u2019n wahanol i\u2019ch gradd israddedig, yn aml un sy\u2019n gofyn am gymhwyster neu achrediad proffesiynol penodol. Enghraifft dda o hyn yw'r MSc mewn Seicoleg yma ym Mhrifysgol Caerdydd, sydd wedi'i achredu gan Gymdeithas Seicolegol Prydain, ac a fydd yn rhoi'r achrediad proffesiynol sydd ei angen arnoch i ddilyn rolau mwy therapiwtig<\/li>\n<li><strong>Oedi cyn dechrau ym myd gwaith<\/strong> - ie, gall parhau mewn addysg roi mwy o amser i chi feddwl am eich camau nesaf, ond ni ddylai'r cymhelliant hwn yn unig fod yn ddigon i'w wneud. Mae ymgymryd \u00e2 gradd \u00f4l-raddedig yn gam mawr i fyny o radd israddedig, ac fel arfer mae angen llawer mwy o ymreolaeth a hunan-gymhelliant. Os nad ydych chi wedi ymrwymo\u2019n llwyr i\u2019r cwrs, mae'n bosibl na fyddwch chi'n ei fwynhau ac efallai'n ei chael hi'n anodd ei gwblhau. Gwnewch yn si\u0175r eich bod wedi gwneud eich ymchwil a'ch bod yn gwbl ymroddedig cyn buddsoddi mwy o amser ac arian i'ch addysg<\/li>\n<\/ul>\n<\/div> <\/div><div class=\"accordion-section\">\n        <h2 class=\"accordion-section-header-title collapsed\" data-toggle=\"collapse\" href=\"#content-deciding-on-postgraduate-study-cy-2\"\n        aria-expanded=\"false\"><svg class=\"icon icon-chevron-right\" xmlns=\"http:\/\/www.w3.org\/2000\/svg\" viewBox=\"0 0 19.75 32\">\n    <title>Chevron right<\/title>\n    <path d=\"M6.13,28.28L18.41,16,6.13,3.72,9.84,0l16,16-16,16Z\" transform=\"translate(-6.13 0)\"><\/path>\n<\/svg> Eich nodau gyrfa<\/h2> <div class=\"accordion-section-body collapse \" id=\"content-deciding-on-postgraduate-study-cy-2\"><p>Ni fydd pob cwrs \u00f4l-raddedig yn eich helpu i gyflawni eich nodau gyrfa. Ar gyfer rhai rolau, efallai y bydd angen cymhwyster penodol, a all gael ei achredu gan gorff neu gymdeithas broffesiynol. Defnyddiwch broffiliau swyddi <a href=\"https:\/\/www.prospects.ac.uk\/job-profiles\" target=\"_blank\" rel=\"noopener\">Prospects<\/a> i'ch helpu i wirio hyn. Os ydych chi'n llai sicr o ran beth allai ddod nesaf i chi ar \u00f4l astudio'n \u00f4l-raddedig, yna dylai'r cwrs arwain at rai rolau y gallech fod \u00e2 diddordeb eu harchwilio o leiaf. Ffordd dda o adnabod y rhain yw trwy edrych ar dudalen we\u2019r cwrs penodol y mae gennych ddiddordeb ynddo - mae ganddynt bron bob amser fanylion am yr hyn y mae graddedigion wedi mynd ymlaen i'w wneud ar \u00f4l eu cwrs.<\/p>\n<p>Gallech hefyd ofyn am gael siarad \u00e2\u2019r tiwtor derbyn am ba swyddi y mae myfyrwyr blaenorol wedi mynd ymlaen i\u2019w gwneud. Peidiwch ag anghofio y gallwch drefnu apwyntiad gyrfaoedd gyda Chynghorydd Gyrfa trwy eich <a href=\"https:\/\/cardiff.targetconnect.net\/unauth\/student\/login\" target=\"_blank\" rel=\"noopener\">Cyfrif Dyfodol Myfyrwyr<\/a>\u00a0 i siarad am eich nodau gyrfa a'ch opsiynau astudio pellach.<\/p>\n<\/div> <\/div><div class=\"accordion-section\">\n        <h2 class=\"accordion-section-header-title collapsed\" data-toggle=\"collapse\" href=\"#content-deciding-on-postgraduate-study-cy-3\"\n        aria-expanded=\"false\"><svg class=\"icon icon-chevron-right\" xmlns=\"http:\/\/www.w3.org\/2000\/svg\" viewBox=\"0 0 19.75 32\">\n    <title>Chevron right<\/title>\n    <path d=\"M6.13,28.28L18.41,16,6.13,3.72,9.84,0l16,16-16,16Z\" transform=\"translate(-6.13 0)\"><\/path>\n<\/svg> Y cwrs<\/h2> <div class=\"accordion-section-body collapse \" id=\"content-deciding-on-postgraduate-study-cy-3\"><p>Mae llawer o ffyrdd y gallwch ddilyn astudiaeth \u00f4l-raddedig ac efallai y bydd rhai cyrsiau yn fwy addas i'ch nodau nag eraill. Mae'r rhan fwyaf o gyrsiau naill ai'n Radd Meistr neu PhD, er ei bod hi'n bosibl ennill tystysgrifau a diplom\u00e2u \u00f4l-raddedig, er enghraifft y TAR ar gyfer addysgu. Dysgwch am eich <a href=\"https:\/\/sites.cardiff.ac.uk\/studentfuturesplus\/cy\/astudiaeth-ol-raddedig-postgraduate-study\/opsiynau-astudio-ol-raddedig-postgraduate-study-options\/\" rel=\"noopener\">opsiynau astudio \u00f4l-raddedig gwahanol yma<\/a>. Meddyliwch am eich dull dysgu, hefyd \u2013 sut bydd cwrs penodol yn cael ei addysgu ac a yw hyn yn cyd-fynd \u00e2 sut rydych chi'n hoffi dysgu?<\/p>\n<\/div> <\/div><div class=\"accordion-section\">\n        <h2 class=\"accordion-section-header-title collapsed\" data-toggle=\"collapse\" href=\"#content-deciding-on-postgraduate-study-cy-4\"\n        aria-expanded=\"false\"><svg class=\"icon icon-chevron-right\" xmlns=\"http:\/\/www.w3.org\/2000\/svg\" viewBox=\"0 0 19.75 32\">\n    <title>Chevron right<\/title>\n    <path d=\"M6.13,28.28L18.41,16,6.13,3.72,9.84,0l16,16-16,16Z\" transform=\"translate(-6.13 0)\"><\/path>\n<\/svg> Y brifysgol<\/h2> <div class=\"accordion-section-body collapse \" id=\"content-deciding-on-postgraduate-study-cy-4\"><p>Gellid addysgu cyrsiau tebyg mewn ffyrdd gwahanol iawn mewn prifysgolion gwahanol. Ymchwiliwch i brifysgolion yn ofalus a chymharu pethau fel cyfleusterau a gwasanaethau cymorth; staff addysgu; canlyniadau graddedigion (mesur o faint o fyfyrwyr ar y cwrs hwnnw sydd wedi mynd ymlaen i gyflogaeth broffesiynol); safleoedd prifysgolion yn y tablau cynghrair (bydd y rhain ar gael ar wefan y brifysgol); ac arbenigeddau ymchwil. Gallech hefyd ofyn i academyddion perthnasol am eu hargymhellion. Os nad ydych yn si\u0175r pa brifysgolion sy'n cynnig cyrsiau y mae gennych ddiddordeb ynddynt, defnyddiwch wefannau fel <a href=\"https:\/\/www.findamasters.com\" target=\"_blank\" rel=\"noopener\">FindAMasters<\/a> a<a href=\"https:\/\/www.findaphd.com\" target=\"_blank\" rel=\"noopener\"> FindAPhD<\/a> i chwilio am fath penodol o gwrs, yn y DU neu ledled y byd.<\/p>\n<\/div> <\/div><div class=\"accordion-section\">\n        <h2 class=\"accordion-section-header-title collapsed\" data-toggle=\"collapse\" href=\"#content-deciding-on-postgraduate-study-cy-5\"\n        aria-expanded=\"false\"><svg class=\"icon icon-chevron-right\" xmlns=\"http:\/\/www.w3.org\/2000\/svg\" viewBox=\"0 0 19.75 32\">\n    <title>Chevron right<\/title>\n    <path d=\"M6.13,28.28L18.41,16,6.13,3.72,9.84,0l16,16-16,16Z\" transform=\"translate(-6.13 0)\"><\/path>\n<\/svg> Eich sgiliau a'ch cryfderau academaidd<\/h2> <div class=\"accordion-section-body collapse \" id=\"content-deciding-on-postgraduate-study-cy-5\"><p>Mae astudiaethau \u00f4l-raddedig yn gam mawr ymlaen o'ch gradd israddedig ac yn gofyn nid yn unig y gallu academaidd i ddysgu'r cynnwys, ond hefyd y sgiliau trosglwyddadwy i ymdopi \u00e2 mwy o ymreolaeth a llwyth gwaith dwysach. Er enghraifft, mae angen i fyfyrwyr \u00f4l-raddedig ddangos lefelau uchel o hunan-gymhelliant, gwydnwch a sgiliau trefnu. Byddwch yn rhagweithiol wrth siarad \u00e2 myfyrwyr sydd ar y cwrs y mae gennych ddiddordeb ynddo ar hyn o bryd i gael teimlad o sut olwg fydd ar y cwrs neu estyn allan at y darlithwyr sydd fel arfer yn fwy na pharod i ddweud mwy wrthych am y cwrs a beth i'w ddisgwyl. Gallech hefyd siarad \u00e2\u2019ch darlithwyr presennol neu\u2019ch tiwtor personol i gael eu barn ar eich gallu academaidd i ymdopi ag astudiaethau \u00f4l-raddedig, a sut y bydd yn ategu eich uchelgeisiau yn y dyfodol.<\/p>\n<\/div> <\/div><div class=\"accordion-section\">\n        <h2 class=\"accordion-section-header-title collapsed\" data-toggle=\"collapse\" href=\"#content-deciding-on-postgraduate-study-cy-6\"\n        aria-expanded=\"false\"><svg class=\"icon icon-chevron-right\" xmlns=\"http:\/\/www.w3.org\/2000\/svg\" viewBox=\"0 0 19.75 32\">\n    <title>Chevron right<\/title>\n    <path d=\"M6.13,28.28L18.41,16,6.13,3.72,9.84,0l16,16-16,16Z\" transform=\"translate(-6.13 0)\"><\/path>\n<\/svg> Y gost<\/h2> <div class=\"accordion-section-body collapse \" id=\"content-deciding-on-postgraduate-study-cy-6\"><p>Meddyliwch am sut y byddwch yn ariannu eich astudiaethau pellach, nid yn unig costau'r cwrs a ffioedd dysgu, ond costau byw, yn enwedig os byddwch yn byw oddi cartref. Gallech roi cynnig ar gyfrifiannell costau byw ar-lein i weithio allan yn fras faint y gallai ei gostio i astudio yn eich lleoliad dewisol. Mae gan <a href=\"https:\/\/www.caerdydd.ac.uk\/study\/postgraduate\/funding\" target=\"_blank\" rel=\"noopener\">Brifysgol Caerdydd<\/a> gyngor defnyddiol ar ariannu eich cwrs \u00f4l-raddedig a gallwch gael rhagor o wybodaeth ar wefannau <a href=\"https:\/\/www.findamasters.com\/guides\/funding\/\" target=\"_blank\" rel=\"noopener\">FindAMasters<\/a> a <a href=\"https:\/\/www.findaphd.com\/guides\/funding\/\" target=\"_blank\" rel=\"noopener\">FindAPhD<\/a>.<\/p>\n<\/div> <\/div><div class=\"accordion-section\">\n        <h2 class=\"accordion-section-header-title collapsed\" data-toggle=\"collapse\" href=\"#content-deciding-on-postgraduate-study-cy-7\"\n        aria-expanded=\"false\"><svg class=\"icon icon-chevron-right\" xmlns=\"http:\/\/www.w3.org\/2000\/svg\" viewBox=\"0 0 19.75 32\">\n    <title>Chevron right<\/title>\n    <path d=\"M6.13,28.28L18.41,16,6.13,3.72,9.84,0l16,16-16,16Z\" transform=\"translate(-6.13 0)\"><\/path>\n<\/svg> Lleoliad<\/h2> <div class=\"accordion-section-body collapse \" id=\"content-deciding-on-postgraduate-study-cy-7\"><p>Gallech fod \u00e2 diddordeb mewn astudio'n agos i'ch cartref, rhywle arall yn y DU neu unrhyw le o amgylch y byd! Ymchwiliwch leoliad eich cwrs astudiaethau pellach yn ofalus, gan gynnwys pethau fel cysylltiadau teithio, argaeledd a chost llety, costau byw (gallwch ddefnyddio cyfrifianellau ar-lein i helpu i amcangyfrif hyn) a'r ardal gyfagos. Mae gan wefan <a href=\"https:\/\/www.prospects.ac.uk\/postgraduate-study\/study-abroad\" target=\"_blank\" rel=\"noopener\">Prospects<\/a> gyngor ardderchog os ydych chi'n ystyried astudio \u00f4l-raddedig dramor.<\/p>\n<div class=\"well\">\n<h4 style=\"text-align: center; color: #333f48;\">Awgrymiadau defnyddiol: Astudiaethau \u00d4l-raddedig Tramor<\/h4>\n<p style=\"text-align: center; color: #333f48;\">Cofiwch wneud eich ymchwil os ydych am astudio dramor<\/p>\n<figure id=\"post-870 media-870\" class=\"image align-none\"><img decoding=\"async\" src=\"http:\/\/sites.cardiff.ac.uk\/studentfuturesplus\/files\/2024\/02\/Grey-divider-line-H-3px-20-Percent-Opacity.png\" alt=\"\" \/><\/figure>\n<div class=\"d-flex flex-wrap flex-md-nowrap mb-0\">\n<div class=\"\">\n<figure class=\"m-0\" style=\"width: 85px;\"><img decoding=\"async\" src=\"http:\/\/sites.cardiff.ac.uk\/studentfuturesplus\/files\/2024\/06\/Small-Square-keyboard-Red-1.jpg\" alt=\"\" \/><\/figure>\n<\/div>\n<div class=\"d-flex flex-column flex-grow mx-lg-3\"><\/div>\n<div class=\"d-flex flex-column justify-content-center ml-1\">\n<div>Byddwch yn ymwybodol y bydd y broses ymgeisio ar gyfer cyrsiau \u00f4l-raddedig yn amrywio o le i le. Bydd pob gwlad yn gofyn am wahanol ddogfennau, a chan bob un gwlad system ganolog ei hun, sy\u2019n debyg i UCAS yn y DU. Cysylltwch \u00e2 darparwr y cwrs yn uniongyrchol os ydych chi\u2019n ansicr o\u2019r hyn sydd ei angen.<\/div>\n<\/div>\n<\/div>\n<figure id=\"post-870 media-870\" class=\"image align-none\"><img decoding=\"async\" src=\"http:\/\/sites.cardiff.ac.uk\/studentfuturesplus\/files\/2024\/02\/Grey-divider-line-H-3px-20-Percent-Opacity.png\" alt=\"\" \/><\/figure>\n<div class=\"d-flex flex-wrap flex-md-nowrap mb-0\">\n<div>\n<figure class=\"m-0\" style=\"width: 85px;\"><img decoding=\"async\" src=\"http:\/\/sites.cardiff.ac.uk\/studentfuturesplus\/files\/2024\/06\/Small-square-magnifying-glass-Red-1.jpg\" alt=\"\" \/><\/figure>\n<\/div>\n<div class=\"d-flex flex-column flex-grow mx-lg-3\"><\/div>\n<div class=\"d-flex flex-column justify-content-center ml-1\">\n<div>Gwiriwch sut bydd cymwysterau penodol yn cael eu cydnabod yn y wlad rydych chi am weithio ynddi yn y pen draw. Bydd angen cymwysterau penodol ar gyfer rhai swyddi, ac mewn ambell i wlad, mae cymwysterau o\u2019r fath wedi'u hachredu neu eu cymeradwyo gan gorff proffesiynol.<\/div>\n<\/div>\n<\/div>\n<figure id=\"post-870 media-870\" class=\"image align-none\"><img decoding=\"async\" src=\"http:\/\/sites.cardiff.ac.uk\/studentfuturesplus\/files\/2024\/02\/Grey-divider-line-H-3px-20-Percent-Opacity.png\" alt=\"\" \/><\/figure>\n<div class=\"d-flex flex-wrap flex-md-nowrap mb-0\">\n<div class=\"\">\n<figure class=\"m-0\" style=\"width: 85px;\"><img decoding=\"async\" src=\"http:\/\/sites.cardiff.ac.uk\/studentfuturesplus\/files\/2024\/06\/Small-Square-globe-Red-1.jpg\" alt=\"\" \/><\/figure>\n<\/div>\n<div class=\"d-flex flex-column flex-grow mx-lg-3\"><\/div>\n<div class=\"d-flex flex-column justify-content-center ml-1\">\n<div>Gwnewch ddefnydd da o wefannau megis <a href=\"https:\/\/www.prospects.ac.uk\/\" target=\"_blank\" rel=\"noopener\">Prospects<\/a>, <a href=\"https:\/\/www.findamasters.com\/\" target=\"_blank\" rel=\"noopener\">FindAMasters<\/a> a <a href=\"https:\/\/www.findaphd.com\/\" target=\"_blank\" rel=\"noopener\">FindAPhD<\/a> er mwyn ymchwilio i\u2019r opsiynau astudio \u00f4l-raddedig sydd ar gael ledled y byd.<\/div>\n<\/div>\n<\/div>\n<figure id=\"post-870 media-870\" class=\"image align-none\"><img decoding=\"async\" src=\"http:\/\/sites.cardiff.ac.uk\/studentfuturesplus\/files\/2024\/02\/Grey-divider-line-H-3px-20-Percent-Opacity.png\" alt=\"\" \/><\/figure>\n<\/div>\n<\/div> <\/div><div class=\"accordion-section\">\n        <h2 class=\"accordion-section-header-title collapsed\" data-toggle=\"collapse\" href=\"#content-deciding-on-postgraduate-study-cy-8\"\n        aria-expanded=\"false\"><svg class=\"icon icon-chevron-right\" xmlns=\"http:\/\/www.w3.org\/2000\/svg\" viewBox=\"0 0 19.75 32\">\n    <title>Chevron right<\/title>\n    <path d=\"M6.13,28.28L18.41,16,6.13,3.72,9.84,0l16,16-16,16Z\" transform=\"translate(-6.13 0)\"><\/path>\n<\/svg> Amseru<\/h2> <div class=\"accordion-section-body collapse \" id=\"content-deciding-on-postgraduate-study-cy-8\"><p>Bydd rhai myfyrwyr yn mynd yn syth i astudiaethau \u00f4l-raddedig ar \u00f4l eu gradd israddedig, tra bydd yn well gan eraill gymryd egwyl rhyngddynt. Does dim ateb cywir neu anghywir yma \u2013 os nad ydych chi'n si\u0175r ai dyma'r amser iawn i ddilyn astudiaethau pellach, yna mae'n debyg nad ydyw! Er enghraifft, mae PhD yn gofyn am lawer o ymrwymiad \u2013 byddai'n well i chi gymryd peth amser i ffwrdd nes eich bod yn teimlo'n fwy hyderus am eich penderfyniad.<\/p>\n<\/div> <\/div><\/div>\n \n\n                        <div class=\"alert alert-purple\">        \n            \n            <div class=\"alert-body\">            \n                <h3>Adnoddau pellach<\/h3>                <p>Defnyddiwch yr adnoddau isod i archwilio'r pwnc hwn ymhellach:<\/p>\n<ul>\n<li>Trefnwch apwyntiad gyda Chynghorydd Gyrfa yn eich <a href=\"https:\/\/cardiff.targetconnect.net\/unauth\/student\/login\" target=\"_blank\" rel=\"noopener\">Cyfrif Dyfodol Myfyrwyr<\/a> i drafod eich nod gyrfa ac opsiynau astudiaethau \u00f4l-raddedig<\/li>\n<li>Darllenwch ein cyngor ar wneud <a href=\"https:\/\/sites.cardiff.ac.uk\/futures-online\/cy\/what-is-a-career\/\" target=\"_blank\" rel=\"noopener\">penderfyniad gyrfa effeithiol<\/a><\/li>\n<li>Cyngor <a href=\"https:\/\/targetjobs.co.uk\/careers-advice\/postgraduate-study\" target=\"_blank\" rel=\"noopener\">TargetJobs<\/a> ar astudiaethau \u00f4l-raddedig<\/li>\n<li>Cyngor <a href=\"https:\/\/www.prospects.ac.uk\/postgraduate-study\" target=\"_blank\" rel=\"noopener\">Prospects<\/a> ar astudiaethau \u00f4l-raddedig<\/li>\n<li>Dysgwch fwy am eich opsiynau os ydych yn ystyried <a href=\"https:\/\/www.caerdydd.ac.uk\/study\/postgraduate\/why-study-with-us-as-a-postgraduate\" target=\"_blank\" rel=\"noopener\">Prifysgol Caerdydd<\/a> ar gyfer eich cwrs \u00f4l-raddedig<\/li>\n<\/ul>\n            <\/div>\n        <\/div> \n\n    \n","protected":false},"excerpt":{"rendered":"Ystyriwch eich cymhellion ar gyfer astudiaethau \u00f4l-raddedig a sut i wneud penderfyniad gwybodus.","protected":false},"author":9375,"featured_media":711,"parent":1204,"menu_order":1,"comment_status":"closed","ping_status":"closed","template":"","meta":{"footnotes":""},"categories":[],"tags":[],"class_list":["post-1293","page","type-page","status-publish","has-post-thumbnail","hentry"],"meta_box":{"cu_accordion":"","cu_alert":"","cu_carousel":"","cu_tabs":"","cu_quote":""},"_links":{"self":[{"href":"https:\/\/sites.cardiff.ac.uk\/studentfuturesplus\/wp-json\/wp\/v2\/pages\/1293","targetHints":{"allow":["GET"]}}],"collection":[{"href":"https:\/\/sites.cardiff.ac.uk\/studentfuturesplus\/wp-json\/wp\/v2\/pages"}],"about":[{"href":"https:\/\/sites.cardiff.ac.uk\/studentfuturesplus\/wp-json\/wp\/v2\/types\/page"}],"author":[{"embeddable":true,"href":"https:\/\/sites.cardiff.ac.uk\/studentfuturesplus\/wp-json\/wp\/v2\/users\/9375"}],"replies":[{"embeddable":true,"href":"https:\/\/sites.cardiff.ac.uk\/studentfuturesplus\/wp-json\/wp\/v2\/comments?post=1293"}],"version-history":[{"count":7,"href":"https:\/\/sites.cardiff.ac.uk\/studentfuturesplus\/wp-json\/wp\/v2\/pages\/1293\/revisions"}],"predecessor-version":[{"id":2881,"href":"https:\/\/sites.cardiff.ac.uk\/studentfuturesplus\/wp-json\/wp\/v2\/pages\/1293\/revisions\/2881"}],"up":[{"embeddable":true,"href":"https:\/\/sites.cardiff.ac.uk\/studentfuturesplus\/wp-json\/wp\/v2\/pages\/1204"}],"wp:featuredmedia":[{"embeddable":true,"href":"https:\/\/sites.cardiff.ac.uk\/studentfuturesplus\/wp-json\/wp\/v2\/media\/711"}],"wp:attachment":[{"href":"https:\/\/sites.cardiff.ac.uk\/studentfuturesplus\/wp-json\/wp\/v2\/media?parent=1293"}],"wp:term":[{"taxonomy":"category","embeddable":true,"href":"https:\/\/sites.cardiff.ac.uk\/studentfuturesplus\/wp-json\/wp\/v2\/categories?post=1293"},{"taxonomy":"post_tag","embeddable":true,"href":"https:\/\/sites.cardiff.ac.uk\/studentfuturesplus\/wp-json\/wp\/v2\/tags?post=1293"}],"curies":[{"name":"wp","href":"https:\/\/api.w.org\/{rel}","templated":true}]}}